{"id":5692,"date":"2022-09-02T10:24:00","date_gmt":"2022-09-02T08:24:00","guid":{"rendered":"https:\/\/www.weighingandinspection.eu\/?page_id=5692"},"modified":"2022-09-27T12:13:54","modified_gmt":"2022-09-27T10:13:54","slug":"plastique-et-granules","status":"publish","type":"page","link":"https:\/\/www.weighingandinspection.eu\/fr\/industries\/plastique-et-granules\/","title":{"rendered":"Plastique et granul\u00e9s"},"content":{"rendered":"<p>[vc_row el_class=\u00a0\u00bbpy-4&Prime;][vc_column][vc_column_text el_class=\u00a0\u00bblead m-0&Prime;]<\/p>\n<p style=\"text-align: center;\">Sp\u00e9cifiquement pour l&rsquo;industrie des plastiques, notre vaste gamme de doseurs BHT, \u00e0 perte de poids (LIW) ou volum\u00e9triques est une gamme de produits vari\u00e9s<\/p>\n<p>[\/vc_column_text][\/vc_column][\/vc_row][vc_row full_width=\u00a0\u00bbstretch_row_content\u00a0\u00bb equal_height=\u00a0\u00bbyes\u00a0\u00bb content_placement=\u00a0\u00bbmiddle\u00a0\u00bb el_class=\u00a0\u00bbbg-primary\u00a0\u00bb][vc_column width=\u00a0\u00bb1\/3&Prime; css=\u00a0\u00bb.vc_custom_1664188914961{background-image: url(https:\/\/www.weighingandinspection.eu\/files\/uploads\/2022\/09\/AdobeStock_267070150.jpeg?id=6420) !important;background-position: center !important;background-repeat: no-repeat !important;background-size: cover !important;}\u00a0\u00bb][vc_empty_space height=\u00a0\u00bb250px\u00a0\u00bb][\/vc_column][vc_column width=\u00a0\u00bb2\/3&Prime; el_class=\u00a0\u00bbpy-4 px-2 text-white\u00a0\u00bb][vc_column_text el_class=\u00a0\u00bblead m-0&Prime;]Nos doseurs LIW et\/ou nos unit\u00e9s de dosage volum\u00e9trique sont disponibles dans toutes sortes de variantes et peuvent \u00eatre construits sur mesure pour le client. Des alimentateurs \u00e0 double vis sont disponibles pour un dosage fin, un brise-mottes sp\u00e9cial est disponible pour les produits difficiles \u00e0 doser, et des goulottes vibrantes sont disponibles pour les produits qui ne peuvent pas \u00eatre endommag\u00e9s (les granul\u00e9s, par exemple). Presque tout est possible. En collaboration avec notre partenaire italien BHT, qui a des origines dans l&rsquo;industrie du plastique et de nombreuses ann\u00e9es d&rsquo;exp\u00e9rience, nous vous aidons \u00e0 r\u00e9soudre tout probl\u00e8me de dosage.[\/vc_column_text][\/vc_column][\/vc_row][vc_row full_width=\u00a0\u00bbstretch_row_content\u00a0\u00bb equal_height=\u00a0\u00bbyes\u00a0\u00bb content_placement=\u00a0\u00bbmiddle\u00a0\u00bb el_class=\u00a0\u00bbbg-primary\u00a0\u00bb][vc_column width=\u00a0\u00bb2\/3&Prime; el_class=\u00a0\u00bbpy-4 px-2 text-white\u00a0\u00bb][vc_column_text el_class=\u00a0\u00bbm-0&Prime;]Nos peseuses \u00e0 bande RAMSEY\u2122 et nos solutions de pesage \u00e0 bande de marque maison WIBE sont \u00e9galement applicables dans l&rsquo;industrie des plastiques et du caoutchouc. Nos peseuses \u00e0 bande peuvent \u00eatre utilis\u00e9es partout o\u00f9 l&rsquo;on utilise des bandes transporteuses, quelle que soit la largeur ou la vitesse de la bande. Nous d\u00e9velopperons avec vous une unit\u00e9 de pesage adapt\u00e9e.<\/p>\n<p>Comme alternative \u00e0 nos peseuses \u00e0 bande, les peseuses \u00e0 vis RAMSEY sont \u00e9galement disponibles, soit avec une vis int\u00e9grale, soit en mettant \u00e0 jour une vis existante pour un pesage complet.<\/p>\n<p>Notre d\u00e9bitm\u00e8tre DynaFlow, bas\u00e9 sur la mesure centrip\u00e8te, est \u00e9galement r\u00e9guli\u00e8rement utilis\u00e9 dans l&rsquo;industrie du plastique. Le pesage de toutes sortes de poudres, de granul\u00e9s et d&rsquo;autres produits \u00e0 haut rendement se pr\u00eate parfaitement \u00e0 l&rsquo;application de notre DynaFlow.[\/vc_column_text][\/vc_column][vc_column width=\u00a0\u00bb1\/3&Prime; css=\u00a0\u00bb.vc_custom_1630328164365{background-image: url(https:\/\/www.weighingandinspection.eu\/files\/uploads\/2021\/07\/08T3-3.jpg?id=1496) !important;background-position: center !important;background-repeat: no-repeat !important;background-size: cover !important;}\u00a0\u00bb][vc_empty_space height=\u00a0\u00bb250px\u00a0\u00bb][\/vc_column][\/vc_row][vc_row full_width=\u00a0\u00bbstretch_row_content\u00a0\u00bb equal_height=\u00a0\u00bbyes\u00a0\u00bb content_placement=\u00a0\u00bbmiddle\u00a0\u00bb][vc_column width=\u00a0\u00bb1\/3&Prime; css=\u00a0\u00bb.vc_custom_1663148269540{background-position: center !important;background-repeat: no-repeat !important;background-size: cover !important;}\u00a0\u00bb][vc_empty_space height=\u00a0\u00bb250px\u00a0\u00bb][\/vc_column][vc_column width=\u00a0\u00bb2\/3&Prime; el_class=\u00a0\u00bbpy-4&Prime;][vc_column_text]Comme alternative aux peseuses \u00e0 bande, aux peseuses \u00e0 vis et aux d\u00e9bitm\u00e8tres de solides, nous utilisons \u00e9galement des peseuses \u00e0 flux continu. L\u2019avantage d\u2019une peseuse \u00e0 flux continu est de garantir une pr\u00e9cision (calibr\u00e9e) et une fiabilit\u00e9 tr\u00e8s \u00e9lev\u00e9es. En outre, notre peseuse \u00e0 flux continu a un design tr\u00e8s compact qui lui permet d\u2019\u00eatre utilis\u00e9e dans de nombreux processus diff\u00e9rents. Nos peseuses de la marque allemande FD WAAGENBAU offrent le plus haut niveau de finition et peuvent \u00eatre construites enti\u00e8rement sur mesure si une solution standard n\u2019est pas applicable.<\/p>\n<p>Une tr\u00e8s large gamme de pesage statique est \u00e9galement disponible, allant de simples capteurs de pesage avec ou sans modules int\u00e9gr\u00e9s, \u00e0 une tr\u00e8s large gamme de balances de sol et de table jusqu&rsquo;\u00e0 des solutions compl\u00e8tes de pesage de silos. Nos solutions de pesage statique sont disponibles jusqu&rsquo;\u00e0 une puissance de plusieurs centaines de tonnes.[\/vc_column_text][\/vc_column][\/vc_row][vc_row full_width=\u00a0\u00bbstretch_row_content\u00a0\u00bb equal_height=\u00a0\u00bbyes\u00a0\u00bb content_placement=\u00a0\u00bbmiddle\u00a0\u00bb][vc_column width=\u00a0\u00bb2\/3&Prime; css=\u00a0\u00bb.vc_custom_1663148355071{background-position: center !important;background-repeat: no-repeat !important;background-size: cover !important;}\u00a0\u00bb][vc_column_text]La mesure de l\u2019humidit\u00e9 est un moyen de mesure suppl\u00e9mentaire tr\u00e8s souvent utilis\u00e9 dans l\u2019industrie des plastiques et granul\u00e9s. La mesure de l\u2019humidit\u00e9 est souvent un param\u00e8tre tr\u00e8s important pour le contr\u00f4le de votre processus. Notre capteur d\u2019humidit\u00e9 MoistTech est une solution de haute gamme, bas\u00e9e sur une mesure NIR en ligne et sans contact. C\u2019est un excellent outil de mesure pour obtenir une bonne mesure d\u2019humidit\u00e9 dans presque toutes les circonstances.<\/p>\n<p>Ici aussi, nous appliquons fr\u00e9quemment la d\u00e9tection de m\u00e9taux CASSEL. Comme outil de contr\u00f4le dans le processus de production, pour garantir la puret\u00e9 du produit, comme protection, etc. Les d\u00e9tecteurs de m\u00e9taux CASSEL sont applicables \u00e0 pratiquement tous les types de poudre, de granul\u00e9s, etc., allant de petites ouvertures \u00e0 des ouvertures de 2 m et plus. Nos d\u00e9tecteurs de m\u00e9taux vous garantissent un produit final exempt de m\u00e9taux, en contr\u00f4lant la contamination par les m\u00e9taux ferreux, non ferreux et l&rsquo;acier inoxydable.[\/vc_column_text][\/vc_column][vc_column width=\u00a0\u00bb1\/3&Prime; el_class=\u00a0\u00bbpy-4&Prime;][vc_empty_space height=\u00a0\u00bb250px\u00a0\u00bb][\/vc_column][\/vc_row][vc_row el_class=\u00a0\u00bbpt-6&Prime;][vc_column][vc_custom_heading text=\u00a0\u00bbVerwante producten\u00a0\u00bb font_container=\u00a0\u00bbtag:div|font_size:36px|text_align:center|line_height:40px\u00a0\u00bb use_theme_fonts=\u00a0\u00bbyes\u00a0\u00bb el_class=\u00a0\u00bbtext-primary mb-2 h1 text-uppercase\u00a0\u00bb][\/vc_column][\/vc_row][vc_row][vc_column][vc_basic_grid post_type=\u00a0\u00bbproduct\u00a0\u00bb max_items=\u00a0\u00bb-1&Prime; style=\u00a0\u00bbpagination\u00a0\u00bb items_per_page=\u00a0\u00bb3&Prime; orderby=\u00a0\u00bbtitle\u00a0\u00bb arrows_design=\u00a0\u00bbvc_arrow-icon-arrow_01_left\u00a0\u00bb arrows_position=\u00a0\u00bboutside\u00a0\u00bb arrows_color=\u00a0\u00bbblack\u00a0\u00bb paging_design=\u00a0\u00bbnone\u00a0\u00bb loop=\u00a0\u00bbyes\u00a0\u00bb item=\u00a0\u00bb923&Prime; grid_id=\u00a0\u00bbvc_gid:1664187958030-35a5a53b-b3d1-3&Prime; taxonomies=\u00a0\u00bb1281&Prime;][\/vc_column][\/vc_row]<\/p>\n","protected":false},"excerpt":{"rendered":"<p>[vc_row el_class=\u00a0\u00bbpy-4&Prime;][vc_column][vc_column_text el_class=\u00a0\u00bblead m-0&Prime;] Sp\u00e9cifiquement pour l&rsquo;industrie des plastiques, notre vaste gamme de doseurs BHT, \u00e0 perte de poids (LIW) ou volum\u00e9triques est une gamme de produits vari\u00e9s [\/vc_column_text][\/vc_column][\/vc_row][vc_row full_width=\u00a0\u00bbstretch_row_content\u00a0\u00bb equal_height=\u00a0\u00bbyes\u00a0\u00bb content_placement=\u00a0\u00bbmiddle\u00a0\u00bb el_class=\u00a0\u00bbbg-primary\u00a0\u00bb][vc_column width=\u00a0\u00bb1\/3&Prime; css=\u00a0\u00bb.vc_custom_1664188914961{background-image: url(https:\/\/www.weighingandinspection.eu\/files\/uploads\/2022\/09\/AdobeStock_267070150.jpeg?id=6420) !important;background-position: center !important;background-repeat: no-repeat !important;background-size: cover !important;}\u00a0\u00bb][vc_empty_space height=\u00a0\u00bb250px\u00a0\u00bb][\/vc_column][vc_column width=\u00a0\u00bb2\/3&Prime; el_class=\u00a0\u00bbpy-4 px-2 text-white\u00a0\u00bb][vc_column_text el_class=\u00a0\u00bblead m-0&Prime;]Nos doseurs LIW et\/ou nos unit\u00e9s [&hellip;]<\/p>\n","protected":false},"author":2,"featured_media":6420,"parent":2210,"menu_order":5,"comment_status":"closed","ping_status":"closed","template":"","meta":{"_acf_changed":false,"footnotes":""},"class_list":["post-5692","page","type-page","status-publish","has-post-thumbnail","hentry"],"acf":[],"yoast_head":"<!-- This site is optimized with the Yoast SEO plugin v26.4 - https:\/\/yoast.com\/wordpress\/plugins\/seo\/ -->\n<title>Plastique et granul\u00e9s | Weighing &amp; Inspection<\/title>\n<meta name=\"description\" content=\"Weighing &amp; Inspection offre une gamme compl\u00e8te de solutions de contr\u00f4le des produits pour les industries du plastique et granul\u00e9s\" \/>\n<meta name=\"robots\" content=\"index, follow, max-snippet:-1, max-image-preview:large, max-video-preview:-1\" \/>\n<link rel=\"canonical\" href=\"https:\/\/www.weighingandinspection.eu\/fr\/industries\/plastique-et-granules\/\" \/>\n<meta property=\"og:locale\" content=\"fr_FR\" \/>\n<meta property=\"og:type\" content=\"article\" \/>\n<meta property=\"og:title\" content=\"Plastique et granul\u00e9s | Weighing &amp; Inspection\" \/>\n<meta property=\"og:description\" content=\"Weighing &amp; Inspection offre une gamme compl\u00e8te de solutions de contr\u00f4le des produits pour les industries du plastique et granul\u00e9s\" \/>\n<meta property=\"og:url\" content=\"https:\/\/www.weighingandinspection.eu\/fr\/industries\/plastique-et-granules\/\" \/>\n<meta property=\"og:site_name\" content=\"Weighing &amp; Inspection\" \/>\n<meta property=\"article:modified_time\" content=\"2022-09-27T10:13:54+00:00\" \/>\n<meta property=\"og:image\" content=\"https:\/\/www.weighingandinspection.eu\/files\/uploads\/2022\/09\/AdobeStock_267070150.jpeg\" \/>\n\t<meta property=\"og:image:width\" content=\"6016\" \/>\n\t<meta property=\"og:image:height\" content=\"4016\" \/>\n\t<meta property=\"og:image:type\" content=\"image\/jpeg\" \/>\n<meta name=\"twitter:card\" content=\"summary_large_image\" \/>\n<script type=\"application\/ld+json\" class=\"yoast-schema-graph\">{\"@context\":\"https:\/\/schema.org\",\"@graph\":[{\"@type\":\"WebPage\",\"@id\":\"https:\/\/www.weighingandinspection.eu\/fr\/industries\/plastique-et-granules\/\",\"url\":\"https:\/\/www.weighingandinspection.eu\/fr\/industries\/plastique-et-granules\/\",\"name\":\"Plastique et granul\u00e9s | Weighing &amp; Inspection\",\"isPartOf\":{\"@id\":\"https:\/\/www.weighingandinspection.eu\/fr\/#website\"},\"primaryImageOfPage\":{\"@id\":\"https:\/\/www.weighingandinspection.eu\/fr\/industries\/plastique-et-granules\/#primaryimage\"},\"image\":{\"@id\":\"https:\/\/www.weighingandinspection.eu\/fr\/industries\/plastique-et-granules\/#primaryimage\"},\"thumbnailUrl\":\"https:\/\/www.weighingandinspection.eu\/files\/uploads\/2022\/09\/AdobeStock_267070150.jpeg\",\"datePublished\":\"2022-09-02T08:24:00+00:00\",\"dateModified\":\"2022-09-27T10:13:54+00:00\",\"description\":\"Weighing & Inspection offre une gamme compl\u00e8te de solutions de contr\u00f4le des produits pour les industries du plastique et granul\u00e9s\",\"breadcrumb\":{\"@id\":\"https:\/\/www.weighingandinspection.eu\/fr\/industries\/plastique-et-granules\/#breadcrumb\"},\"inLanguage\":\"fr-FR\",\"potentialAction\":[{\"@type\":\"ReadAction\",\"target\":[\"https:\/\/www.weighingandinspection.eu\/fr\/industries\/plastique-et-granules\/\"]}]},{\"@type\":\"ImageObject\",\"inLanguage\":\"fr-FR\",\"@id\":\"https:\/\/www.weighingandinspection.eu\/fr\/industries\/plastique-et-granules\/#primaryimage\",\"url\":\"https:\/\/www.weighingandinspection.eu\/files\/uploads\/2022\/09\/AdobeStock_267070150.jpeg\",\"contentUrl\":\"https:\/\/www.weighingandinspection.eu\/files\/uploads\/2022\/09\/AdobeStock_267070150.jpeg\",\"width\":6016,\"height\":4016,\"caption\":\"Pattern of light blue and dark blue polymers\"},{\"@type\":\"BreadcrumbList\",\"@id\":\"https:\/\/www.weighingandinspection.eu\/fr\/industries\/plastique-et-granules\/#breadcrumb\",\"itemListElement\":[{\"@type\":\"ListItem\",\"position\":1,\"name\":\"Home\",\"item\":\"https:\/\/www.weighingandinspection.eu\/fr\/\"},{\"@type\":\"ListItem\",\"position\":2,\"name\":\"Industries\",\"item\":\"https:\/\/www.weighingandinspection.eu\/fr\/industries\/\"},{\"@type\":\"ListItem\",\"position\":3,\"name\":\"Plastique et granul\u00e9s\"}]},{\"@type\":\"WebSite\",\"@id\":\"https:\/\/www.weighingandinspection.eu\/fr\/#website\",\"url\":\"https:\/\/www.weighingandinspection.eu\/fr\/\",\"name\":\"Weighing &amp; Inspection\",\"description\":\"\",\"publisher\":{\"@id\":\"https:\/\/www.weighingandinspection.eu\/fr\/#organization\"},\"potentialAction\":[{\"@type\":\"SearchAction\",\"target\":{\"@type\":\"EntryPoint\",\"urlTemplate\":\"https:\/\/www.weighingandinspection.eu\/fr\/?s={search_term_string}\"},\"query-input\":{\"@type\":\"PropertyValueSpecification\",\"valueRequired\":true,\"valueName\":\"search_term_string\"}}],\"inLanguage\":\"fr-FR\"},{\"@type\":\"Organization\",\"@id\":\"https:\/\/www.weighingandinspection.eu\/fr\/#organization\",\"name\":\"Weighing & Inspection\",\"url\":\"https:\/\/www.weighingandinspection.eu\/fr\/\",\"logo\":{\"@type\":\"ImageObject\",\"inLanguage\":\"fr-FR\",\"@id\":\"https:\/\/www.weighingandinspection.eu\/fr\/#\/schema\/logo\/image\/\",\"url\":\"https:\/\/www.weighingandinspection.eu\/files\/uploads\/2018\/10\/logo-weighing-inspection.png\",\"contentUrl\":\"https:\/\/www.weighingandinspection.eu\/files\/uploads\/2018\/10\/logo-weighing-inspection.png\",\"width\":900,\"height\":250,\"caption\":\"Weighing & Inspection\"},\"image\":{\"@id\":\"https:\/\/www.weighingandinspection.eu\/fr\/#\/schema\/logo\/image\/\"}}]}<\/script>\n<!-- \/ Yoast SEO plugin. -->","yoast_head_json":{"title":"Plastique et granul\u00e9s | Weighing &amp; Inspection","description":"Weighing & Inspection offre une gamme compl\u00e8te de solutions de contr\u00f4le des produits pour les industries du plastique et granul\u00e9s","robots":{"index":"index","follow":"follow","max-snippet":"max-snippet:-1","max-image-preview":"max-image-preview:large","max-video-preview":"max-video-preview:-1"},"canonical":"https:\/\/www.weighingandinspection.eu\/fr\/industries\/plastique-et-granules\/","og_locale":"fr_FR","og_type":"article","og_title":"Plastique et granul\u00e9s | Weighing &amp; Inspection","og_description":"Weighing & Inspection offre une gamme compl\u00e8te de solutions de contr\u00f4le des produits pour les industries du plastique et granul\u00e9s","og_url":"https:\/\/www.weighingandinspection.eu\/fr\/industries\/plastique-et-granules\/","og_site_name":"Weighing &amp; Inspection","article_modified_time":"2022-09-27T10:13:54+00:00","og_image":[{"width":6016,"height":4016,"url":"https:\/\/www.weighingandinspection.eu\/files\/uploads\/2022\/09\/AdobeStock_267070150.jpeg","type":"image\/jpeg"}],"twitter_card":"summary_large_image","schema":{"@context":"https:\/\/schema.org","@graph":[{"@type":"WebPage","@id":"https:\/\/www.weighingandinspection.eu\/fr\/industries\/plastique-et-granules\/","url":"https:\/\/www.weighingandinspection.eu\/fr\/industries\/plastique-et-granules\/","name":"Plastique et granul\u00e9s | Weighing &amp; Inspection","isPartOf":{"@id":"https:\/\/www.weighingandinspection.eu\/fr\/#website"},"primaryImageOfPage":{"@id":"https:\/\/www.weighingandinspection.eu\/fr\/industries\/plastique-et-granules\/#primaryimage"},"image":{"@id":"https:\/\/www.weighingandinspection.eu\/fr\/industries\/plastique-et-granules\/#primaryimage"},"thumbnailUrl":"https:\/\/www.weighingandinspection.eu\/files\/uploads\/2022\/09\/AdobeStock_267070150.jpeg","datePublished":"2022-09-02T08:24:00+00:00","dateModified":"2022-09-27T10:13:54+00:00","description":"Weighing & Inspection offre une gamme compl\u00e8te de solutions de contr\u00f4le des produits pour les industries du plastique et granul\u00e9s","breadcrumb":{"@id":"https:\/\/www.weighingandinspection.eu\/fr\/industries\/plastique-et-granules\/#breadcrumb"},"inLanguage":"fr-FR","potentialAction":[{"@type":"ReadAction","target":["https:\/\/www.weighingandinspection.eu\/fr\/industries\/plastique-et-granules\/"]}]},{"@type":"ImageObject","inLanguage":"fr-FR","@id":"https:\/\/www.weighingandinspection.eu\/fr\/industries\/plastique-et-granules\/#primaryimage","url":"https:\/\/www.weighingandinspection.eu\/files\/uploads\/2022\/09\/AdobeStock_267070150.jpeg","contentUrl":"https:\/\/www.weighingandinspection.eu\/files\/uploads\/2022\/09\/AdobeStock_267070150.jpeg","width":6016,"height":4016,"caption":"Pattern of light blue and dark blue polymers"},{"@type":"BreadcrumbList","@id":"https:\/\/www.weighingandinspection.eu\/fr\/industries\/plastique-et-granules\/#breadcrumb","itemListElement":[{"@type":"ListItem","position":1,"name":"Home","item":"https:\/\/www.weighingandinspection.eu\/fr\/"},{"@type":"ListItem","position":2,"name":"Industries","item":"https:\/\/www.weighingandinspection.eu\/fr\/industries\/"},{"@type":"ListItem","position":3,"name":"Plastique et granul\u00e9s"}]},{"@type":"WebSite","@id":"https:\/\/www.weighingandinspection.eu\/fr\/#website","url":"https:\/\/www.weighingandinspection.eu\/fr\/","name":"Weighing &amp; Inspection","description":"","publisher":{"@id":"https:\/\/www.weighingandinspection.eu\/fr\/#organization"},"potentialAction":[{"@type":"SearchAction","target":{"@type":"EntryPoint","urlTemplate":"https:\/\/www.weighingandinspection.eu\/fr\/?s={search_term_string}"},"query-input":{"@type":"PropertyValueSpecification","valueRequired":true,"valueName":"search_term_string"}}],"inLanguage":"fr-FR"},{"@type":"Organization","@id":"https:\/\/www.weighingandinspection.eu\/fr\/#organization","name":"Weighing & Inspection","url":"https:\/\/www.weighingandinspection.eu\/fr\/","logo":{"@type":"ImageObject","inLanguage":"fr-FR","@id":"https:\/\/www.weighingandinspection.eu\/fr\/#\/schema\/logo\/image\/","url":"https:\/\/www.weighingandinspection.eu\/files\/uploads\/2018\/10\/logo-weighing-inspection.png","contentUrl":"https:\/\/www.weighingandinspection.eu\/files\/uploads\/2018\/10\/logo-weighing-inspection.png","width":900,"height":250,"caption":"Weighing & Inspection"},"image":{"@id":"https:\/\/www.weighingandinspection.eu\/fr\/#\/schema\/logo\/image\/"}}]}},"_links":{"self":[{"href":"https:\/\/www.weighingandinspection.eu\/fr\/wp-json\/wp\/v2\/pages\/5692","targetHints":{"allow":["GET"]}}],"collection":[{"href":"https:\/\/www.weighingandinspection.eu\/fr\/wp-json\/wp\/v2\/pages"}],"about":[{"href":"https:\/\/www.weighingandinspection.eu\/fr\/wp-json\/wp\/v2\/types\/page"}],"author":[{"embeddable":true,"href":"https:\/\/www.weighingandinspection.eu\/fr\/wp-json\/wp\/v2\/users\/2"}],"replies":[{"embeddable":true,"href":"https:\/\/www.weighingandinspection.eu\/fr\/wp-json\/wp\/v2\/comments?post=5692"}],"version-history":[{"count":11,"href":"https:\/\/www.weighingandinspection.eu\/fr\/wp-json\/wp\/v2\/pages\/5692\/revisions"}],"predecessor-version":[{"id":6439,"href":"https:\/\/www.weighingandinspection.eu\/fr\/wp-json\/wp\/v2\/pages\/5692\/revisions\/6439"}],"up":[{"embeddable":true,"href":"https:\/\/www.weighingandinspection.eu\/fr\/wp-json\/wp\/v2\/pages\/2210"}],"wp:featuredmedia":[{"embeddable":true,"href":"https:\/\/www.weighingandinspection.eu\/fr\/wp-json\/wp\/v2\/media\/6420"}],"wp:attachment":[{"href":"https:\/\/www.weighingandinspection.eu\/fr\/wp-json\/wp\/v2\/media?parent=5692"}],"curies":[{"name":"wp","href":"https:\/\/api.w.org\/{rel}","templated":true}]}}