{"id":4949,"date":"2022-01-19T15:52:35","date_gmt":"2022-01-19T14:52:35","guid":{"rendered":"https:\/\/www.weighingandinspection.eu\/pesage-et-dosage\/statische-weging-2\/"},"modified":"2022-10-11T13:04:15","modified_gmt":"2022-10-11T11:04:15","slug":"pesage-statique","status":"publish","type":"page","link":"https:\/\/www.weighingandinspection.eu\/fr\/pesage-statique\/","title":{"rendered":"Pesage statique"},"content":{"rendered":"<p>[vc_row full_width=\u00a0\u00bbstretch_row_content_no_spaces\u00a0\u00bb el_class=\u00a0\u00bbpt-4&Prime;][vc_column][vc_row_inner el_class=\u00a0\u00bbpage-list\u00a0\u00bb][vc_column_inner width=\u00a0\u00bb1\/4&Prime; offset=\u00a0\u00bbvc_col-xs-12&Prime;][vc_single_image image=\u00a0\u00bb5027&Prime; img_size=\u00a0\u00bb1000&#215;1000&Prime; onclick=\u00a0\u00bbcustom_link\u00a0\u00bb title=\u00a0\u00bbCapteurs de force et modules de montage\u00a0\u00bb link=\u00a0\u00bb\/product-category\/statische-weging\/loadcells-en-loadcell-montagekits\u00a0\u00bb el_class=\u00a0\u00bbm-0&Prime;][\/vc_column_inner][vc_column_inner width=\u00a0\u00bb1\/4&Prime;][vc_single_image image=\u00a0\u00bb3087&Prime; img_size=\u00a0\u00bb800&#215;800&Prime; onclick=\u00a0\u00bbcustom_link\u00a0\u00bb title=\u00a0\u00bbTransmetteurs, convertisseurs et amplificateurs de pesage\u00a0\u00bb link=\u00a0\u00bb\/product-category\/statische-weging\/weegtransmitters-omvormers-en-versterkers\/\u00a0\u00bb][\/vc_column_inner][vc_column_inner width=\u00a0\u00bb1\/4&Prime;][vc_single_image image=\u00a0\u00bb6039&Prime; img_size=\u00a0\u00bb800&#215;800&Prime; onclick=\u00a0\u00bbcustom_link\u00a0\u00bb title=\u00a0\u00bbPlateforme monocapteur\u00a0\u00bb link=\u00a0\u00bb\/product-category\/statische-weging\/bankweegschalen\/\u00a0\u00bb][\/vc_column_inner][vc_column_inner width=\u00a0\u00bb1\/4&Prime;][vc_single_image image=\u00a0\u00bb6221&Prime; img_size=\u00a0\u00bb1000&#215;1000&Prime; onclick=\u00a0\u00bbcustom_link\u00a0\u00bb title=\u00a0\u00bbPlateformes de pesage\u00a0\u00bb link=\u00a0\u00bb\/product-category\/statische-weging\/vloerweegschalen\u00a0\u00bb el_class=\u00a0\u00bbm-0&Prime;][\/vc_column_inner][\/vc_row_inner][vc_row_inner el_class=\u00a0\u00bbpage-list\u00a0\u00bb][vc_column_inner width=\u00a0\u00bb1\/4&Prime; offset=\u00a0\u00bbvc_col-xs-12&Prime;][vc_single_image image=\u00a0\u00bb6045&Prime; img_size=\u00a0\u00bb800&#215;800&Prime; onclick=\u00a0\u00bbcustom_link\u00a0\u00bb title=\u00a0\u00bbPlateau de pesage avec rampes\u00a0\u00bb link=\u00a0\u00bb\/product-category\/statische-weging\/oprijschalen\u00a0\u00bb][\/vc_column_inner][vc_column_inner width=\u00a0\u00bb1\/4&Prime;][vc_single_image image=\u00a0\u00bb6051&Prime; img_size=\u00a0\u00bb800&#215;800&Prime; onclick=\u00a0\u00bbcustom_link\u00a0\u00bb title=\u00a0\u00bbP\u00e8se-palettes\u00a0\u00bb link=\u00a0\u00bb\/product-category\/statische-weging\/palletweegschalen\u00a0\u00bb][\/vc_column_inner][vc_column_inner width=\u00a0\u00bb1\/4&Prime;][vc_single_image image=\u00a0\u00bb6616&Prime; img_size=\u00a0\u00bb1000&#215;1000&Prime; onclick=\u00a0\u00bbcustom_link\u00a0\u00bb title=\u00a0\u00bbTranspalette peseur\u00a0\u00bb link=\u00a0\u00bb\/product-category\/statische-weging\/weegtranspalet\u00a0\u00bb][\/vc_column_inner][vc_column_inner width=\u00a0\u00bb1\/4&Prime;][vc_single_image image=\u00a0\u00bb6036&Prime; img_size=\u00a0\u00bb800&#215;800&Prime; onclick=\u00a0\u00bbcustom_link\u00a0\u00bb title=\u00a0\u00bbCrochets peseurs\u00a0\u00bb link=\u00a0\u00bb\/product-category\/statische-weging\/kraanunsters\u00a0\u00bb][\/vc_column_inner][\/vc_row_inner][vc_row_inner el_class=\u00a0\u00bbpage-list\u00a0\u00bb][vc_column_inner width=\u00a0\u00bb1\/5&Prime; offset=\u00a0\u00bbvc_col-xs-12&Prime;][vc_empty_space][\/vc_column_inner][vc_column_inner width=\u00a0\u00bb1\/5&Prime;][vc_single_image image=\u00a0\u00bb6063&Prime; img_size=\u00a0\u00bb1000&#215;1000&Prime; onclick=\u00a0\u00bbcustom_link\u00a0\u00bb title=\u00a0\u00bbPeuseuse \u00e0 b\u00e9tail\u00a0\u00bb link=\u00a0\u00bb\/product-category\/statische-weging\/dierenweegschalen\u00a0\u00bb el_class=\u00a0\u00bbm-0&Prime;][\/vc_column_inner][vc_column_inner width=\u00a0\u00bb1\/5&Prime;][vc_single_image image=\u00a0\u00bb6500&Prime; img_size=\u00a0\u00bb800&#215;800&Prime; onclick=\u00a0\u00bbcustom_link\u00a0\u00bb title=\u00a0\u00bbBalances compteuses\u00a0\u00bb link=\u00a0\u00bb\/product-category\/statische-weging\/telweegschalen\/\u00a0\u00bb][\/vc_column_inner][vc_column_inner width=\u00a0\u00bb1\/5&Prime;][vc_single_image image=\u00a0\u00bb3092&Prime; img_size=\u00a0\u00bb800&#215;800&Prime; onclick=\u00a0\u00bbcustom_link\u00a0\u00bb title=\u00a0\u00bbAccessoires\u00a0\u00bb link=\u00a0\u00bb\/product-category\/statische-weging\/toebehoren\/\u00a0\u00bb][\/vc_column_inner][vc_column_inner width=\u00a0\u00bb1\/5&Prime;][vc_empty_space][\/vc_column_inner][\/vc_row_inner][\/vc_column][\/vc_row][vc_row full_width=\u00a0\u00bbstretch_row_content_no_spaces\u00a0\u00bb el_class=\u00a0\u00bbpt-2&Prime;][vc_column][vc_custom_heading text=\u00a0\u00bbStatisch wegen. Uw sector, onze oplossing.\u00a0\u00bb font_container=\u00a0\u00bbtag:div|font_size:36px|text_align:center|line_height:40px\u00a0\u00bb use_theme_fonts=\u00a0\u00bbyes\u00a0\u00bb el_class=\u00a0\u00bbtext-primary mb-2 h1&Prime;][\/vc_column][\/vc_row][vc_row full_width=\u00a0\u00bbstretch_row_content\u00a0\u00bb equal_height=\u00a0\u00bbyes\u00a0\u00bb content_placement=\u00a0\u00bbmiddle\u00a0\u00bb el_class=\u00a0\u00bbbg-primary\u00a0\u00bb][vc_column el_class=\u00a0\u00bbtext-white py-2 px-2&Prime; offset=\u00a0\u00bbvc_col-lg-6&Prime;][vc_single_image image=\u00a0\u00bb1108&Prime; img_size=\u00a0\u00bbfull\u00a0\u00bb el_class=\u00a0\u00bbmb-2 w-75&Prime;][vc_column_text el_class=\u00a0\u00bblead mb-1&Prime;]<\/p>\n<p style=\"text-align: justify;\">Weighing &amp; Inspection houdt flexibiliteit hoog in het vaandel en hecht veel belang aan een snelle en effici\u00ebnte communicatie. Onze uitstekende dienst na verkoop, een goede verhouding prijs-kwaliteit, een grote voorraad en bijna 20 jaar ervaring in onze sector maken ons een uitstekende partner. Probeer het zelf.<\/p>\n<p>[\/vc_column_text][\/vc_column][vc_column offset=\u00a0\u00bbvc_col-lg-6&Prime;][vc_row_inner][vc_column_inner el_class=\u00a0\u00bbm-0 p-0&Prime; css=\u00a0\u00bb.vc_custom_1628778729193{margin-top: 0px !important;margin-right: 0px !important;margin-bottom: 0px !important;margin-left: 0px !important;padding-top: 0px !important;padding-right: 0px !important;padding-bottom: 0px !important;padding-left: 0px !important;}\u00a0\u00bb][vc_basic_grid post_type=\u00a0\u00bbcustom\u00a0\u00bb gap=\u00a0\u00bb0&Prime; item=\u00a0\u00bb1956&Prime; grid_id=\u00a0\u00bbvc_gid:1665485563907-c95bcb7a-59ad-8&Prime; custom_query=\u00a0\u00bbpost_type=page&amp;orderby=menu_order&amp;order=ASC&amp;post_parent=1936&Prime; el_class=\u00a0\u00bbm-0&Prime;][\/vc_column_inner][\/vc_row_inner][\/vc_column][\/vc_row][vc_row full_width=\u00a0\u00bbstretch_row_content_no_spaces\u00a0\u00bb][vc_column][vc_custom_heading text=\u00a0\u00bbBel ons nu. BE +32 50 71 09 20 &#8211; NL +31 85 044 1822&Prime; font_container=\u00a0\u00bbtag:div|font_size:32px|text_align:center|line_height:36px\u00a0\u00bb use_theme_fonts=\u00a0\u00bbyes\u00a0\u00bb el_class=\u00a0\u00bbbg-yellow text-primary font-weight-light py-4 m-0 px-2&Prime;][\/vc_column][\/vc_row]<\/p>\n","protected":false},"excerpt":{"rendered":"<p>[vc_row full_width=\u00a0\u00bbstretch_row_content_no_spaces\u00a0\u00bb el_class=\u00a0\u00bbpt-4&Prime;][vc_column][vc_row_inner el_class=\u00a0\u00bbpage-list\u00a0\u00bb][vc_column_inner width=\u00a0\u00bb1\/4&Prime; offset=\u00a0\u00bbvc_col-xs-12&Prime;][vc_single_image image=\u00a0\u00bb5027&Prime; img_size=\u00a0\u00bb1000&#215;1000&Prime; onclick=\u00a0\u00bbcustom_link\u00a0\u00bb title=\u00a0\u00bbCapteurs de force et modules de montage\u00a0\u00bb link=\u00a0\u00bb\/product-category\/statische-weging\/loadcells-en-loadcell-montagekits\u00a0\u00bb el_class=\u00a0\u00bbm-0&Prime;][\/vc_column_inner][vc_column_inner width=\u00a0\u00bb1\/4&Prime;][vc_single_image image=\u00a0\u00bb3087&Prime; img_size=\u00a0\u00bb800&#215;800&Prime; onclick=\u00a0\u00bbcustom_link\u00a0\u00bb title=\u00a0\u00bbTransmetteurs, convertisseurs et amplificateurs de pesage\u00a0\u00bb link=\u00a0\u00bb\/product-category\/statische-weging\/weegtransmitters-omvormers-en-versterkers\/\u00a0\u00bb][\/vc_column_inner][vc_column_inner width=\u00a0\u00bb1\/4&Prime;][vc_single_image image=\u00a0\u00bb6039&Prime; img_size=\u00a0\u00bb800&#215;800&Prime; onclick=\u00a0\u00bbcustom_link\u00a0\u00bb title=\u00a0\u00bbPlateforme monocapteur\u00a0\u00bb link=\u00a0\u00bb\/product-category\/statische-weging\/bankweegschalen\/\u00a0\u00bb][\/vc_column_inner][vc_column_inner width=\u00a0\u00bb1\/4&Prime;][vc_single_image image=\u00a0\u00bb6221&Prime; img_size=\u00a0\u00bb1000&#215;1000&Prime; onclick=\u00a0\u00bbcustom_link\u00a0\u00bb title=\u00a0\u00bbPlateformes de pesage\u00a0\u00bb link=\u00a0\u00bb\/product-category\/statische-weging\/vloerweegschalen\u00a0\u00bb el_class=\u00a0\u00bbm-0&Prime;][\/vc_column_inner][\/vc_row_inner][vc_row_inner el_class=\u00a0\u00bbpage-list\u00a0\u00bb][vc_column_inner width=\u00a0\u00bb1\/4&Prime; offset=\u00a0\u00bbvc_col-xs-12&Prime;][vc_single_image image=\u00a0\u00bb6045&Prime; img_size=\u00a0\u00bb800&#215;800&Prime; onclick=\u00a0\u00bbcustom_link\u00a0\u00bb title=\u00a0\u00bbPlateau de pesage avec [&hellip;]<\/p>\n","protected":false},"author":2,"featured_media":0,"parent":0,"menu_order":2,"comment_status":"closed","ping_status":"closed","template":"","meta":{"_acf_changed":false,"footnotes":""},"class_list":["post-4949","page","type-page","status-publish","hentry"],"acf":[],"yoast_head":"<!-- This site is optimized with the Yoast SEO plugin v26.4 - https:\/\/yoast.com\/wordpress\/plugins\/seo\/ -->\n<title>Pesage statique | Weighing &amp; Inspection<\/title>\n<meta name=\"description\" content=\"Notre gamme: Plateforme de pesage, monocapteurs, avec rampes, p\u00e8se-palettes, crochets peseurs, peuseuses \u00e0 b\u00e9tail, capteur de pesage etc.\" \/>\n<meta name=\"robots\" content=\"index, follow, max-snippet:-1, max-image-preview:large, max-video-preview:-1\" \/>\n<link rel=\"canonical\" href=\"https:\/\/www.weighingandinspection.eu\/fr\/pesage-statique\/\" \/>\n<meta property=\"og:locale\" content=\"fr_FR\" \/>\n<meta property=\"og:type\" content=\"article\" \/>\n<meta property=\"og:title\" content=\"Pesage statique | Weighing &amp; Inspection\" \/>\n<meta property=\"og:description\" content=\"Notre gamme: Plateforme de pesage, monocapteurs, avec rampes, p\u00e8se-palettes, crochets peseurs, peuseuses \u00e0 b\u00e9tail, capteur de pesage etc.\" \/>\n<meta property=\"og:url\" content=\"https:\/\/www.weighingandinspection.eu\/fr\/pesage-statique\/\" \/>\n<meta property=\"og:site_name\" content=\"Weighing &amp; Inspection\" \/>\n<meta property=\"article:modified_time\" content=\"2022-10-11T11:04:15+00:00\" \/>\n<meta property=\"og:image\" content=\"https:\/\/www.weighingandinspection.eu\/files\/uploads\/2018\/10\/slider.jpg\" \/>\n\t<meta property=\"og:image:width\" content=\"1920\" \/>\n\t<meta property=\"og:image:height\" content=\"858\" \/>\n\t<meta property=\"og:image:type\" content=\"image\/jpeg\" \/>\n<meta name=\"twitter:card\" content=\"summary_large_image\" \/>\n<script type=\"application\/ld+json\" class=\"yoast-schema-graph\">{\"@context\":\"https:\/\/schema.org\",\"@graph\":[{\"@type\":\"WebPage\",\"@id\":\"https:\/\/www.weighingandinspection.eu\/fr\/pesage-statique\/\",\"url\":\"https:\/\/www.weighingandinspection.eu\/fr\/pesage-statique\/\",\"name\":\"Pesage statique | Weighing &amp; Inspection\",\"isPartOf\":{\"@id\":\"https:\/\/www.weighingandinspection.eu\/fr\/#website\"},\"datePublished\":\"2022-01-19T14:52:35+00:00\",\"dateModified\":\"2022-10-11T11:04:15+00:00\",\"description\":\"Notre gamme: Plateforme de pesage, monocapteurs, avec rampes, p\u00e8se-palettes, crochets peseurs, peuseuses \u00e0 b\u00e9tail, capteur de pesage etc.\",\"breadcrumb\":{\"@id\":\"https:\/\/www.weighingandinspection.eu\/fr\/pesage-statique\/#breadcrumb\"},\"inLanguage\":\"fr-FR\",\"potentialAction\":[{\"@type\":\"ReadAction\",\"target\":[\"https:\/\/www.weighingandinspection.eu\/fr\/pesage-statique\/\"]}]},{\"@type\":\"BreadcrumbList\",\"@id\":\"https:\/\/www.weighingandinspection.eu\/fr\/pesage-statique\/#breadcrumb\",\"itemListElement\":[{\"@type\":\"ListItem\",\"position\":1,\"name\":\"Home\",\"item\":\"https:\/\/www.weighingandinspection.eu\/fr\/\"},{\"@type\":\"ListItem\",\"position\":2,\"name\":\"Pesage statique\"}]},{\"@type\":\"WebSite\",\"@id\":\"https:\/\/www.weighingandinspection.eu\/fr\/#website\",\"url\":\"https:\/\/www.weighingandinspection.eu\/fr\/\",\"name\":\"Weighing &amp; Inspection\",\"description\":\"\",\"publisher\":{\"@id\":\"https:\/\/www.weighingandinspection.eu\/fr\/#organization\"},\"potentialAction\":[{\"@type\":\"SearchAction\",\"target\":{\"@type\":\"EntryPoint\",\"urlTemplate\":\"https:\/\/www.weighingandinspection.eu\/fr\/?s={search_term_string}\"},\"query-input\":{\"@type\":\"PropertyValueSpecification\",\"valueRequired\":true,\"valueName\":\"search_term_string\"}}],\"inLanguage\":\"fr-FR\"},{\"@type\":\"Organization\",\"@id\":\"https:\/\/www.weighingandinspection.eu\/fr\/#organization\",\"name\":\"Weighing & Inspection\",\"url\":\"https:\/\/www.weighingandinspection.eu\/fr\/\",\"logo\":{\"@type\":\"ImageObject\",\"inLanguage\":\"fr-FR\",\"@id\":\"https:\/\/www.weighingandinspection.eu\/fr\/#\/schema\/logo\/image\/\",\"url\":\"https:\/\/www.weighingandinspection.eu\/files\/uploads\/2018\/10\/logo-weighing-inspection.png\",\"contentUrl\":\"https:\/\/www.weighingandinspection.eu\/files\/uploads\/2018\/10\/logo-weighing-inspection.png\",\"width\":900,\"height\":250,\"caption\":\"Weighing & Inspection\"},\"image\":{\"@id\":\"https:\/\/www.weighingandinspection.eu\/fr\/#\/schema\/logo\/image\/\"}}]}<\/script>\n<!-- \/ Yoast SEO plugin. -->","yoast_head_json":{"title":"Pesage statique | Weighing &amp; Inspection","description":"Notre gamme: Plateforme de pesage, monocapteurs, avec rampes, p\u00e8se-palettes, crochets peseurs, peuseuses \u00e0 b\u00e9tail, capteur de pesage etc.","robots":{"index":"index","follow":"follow","max-snippet":"max-snippet:-1","max-image-preview":"max-image-preview:large","max-video-preview":"max-video-preview:-1"},"canonical":"https:\/\/www.weighingandinspection.eu\/fr\/pesage-statique\/","og_locale":"fr_FR","og_type":"article","og_title":"Pesage statique | Weighing &amp; Inspection","og_description":"Notre gamme: Plateforme de pesage, monocapteurs, avec rampes, p\u00e8se-palettes, crochets peseurs, peuseuses \u00e0 b\u00e9tail, capteur de pesage etc.","og_url":"https:\/\/www.weighingandinspection.eu\/fr\/pesage-statique\/","og_site_name":"Weighing &amp; Inspection","article_modified_time":"2022-10-11T11:04:15+00:00","og_image":[{"width":1920,"height":858,"url":"https:\/\/www.weighingandinspection.eu\/files\/uploads\/2018\/10\/slider.jpg","type":"image\/jpeg"}],"twitter_card":"summary_large_image","schema":{"@context":"https:\/\/schema.org","@graph":[{"@type":"WebPage","@id":"https:\/\/www.weighingandinspection.eu\/fr\/pesage-statique\/","url":"https:\/\/www.weighingandinspection.eu\/fr\/pesage-statique\/","name":"Pesage statique | Weighing &amp; Inspection","isPartOf":{"@id":"https:\/\/www.weighingandinspection.eu\/fr\/#website"},"datePublished":"2022-01-19T14:52:35+00:00","dateModified":"2022-10-11T11:04:15+00:00","description":"Notre gamme: Plateforme de pesage, monocapteurs, avec rampes, p\u00e8se-palettes, crochets peseurs, peuseuses \u00e0 b\u00e9tail, capteur de pesage etc.","breadcrumb":{"@id":"https:\/\/www.weighingandinspection.eu\/fr\/pesage-statique\/#breadcrumb"},"inLanguage":"fr-FR","potentialAction":[{"@type":"ReadAction","target":["https:\/\/www.weighingandinspection.eu\/fr\/pesage-statique\/"]}]},{"@type":"BreadcrumbList","@id":"https:\/\/www.weighingandinspection.eu\/fr\/pesage-statique\/#breadcrumb","itemListElement":[{"@type":"ListItem","position":1,"name":"Home","item":"https:\/\/www.weighingandinspection.eu\/fr\/"},{"@type":"ListItem","position":2,"name":"Pesage statique"}]},{"@type":"WebSite","@id":"https:\/\/www.weighingandinspection.eu\/fr\/#website","url":"https:\/\/www.weighingandinspection.eu\/fr\/","name":"Weighing &amp; Inspection","description":"","publisher":{"@id":"https:\/\/www.weighingandinspection.eu\/fr\/#organization"},"potentialAction":[{"@type":"SearchAction","target":{"@type":"EntryPoint","urlTemplate":"https:\/\/www.weighingandinspection.eu\/fr\/?s={search_term_string}"},"query-input":{"@type":"PropertyValueSpecification","valueRequired":true,"valueName":"search_term_string"}}],"inLanguage":"fr-FR"},{"@type":"Organization","@id":"https:\/\/www.weighingandinspection.eu\/fr\/#organization","name":"Weighing & Inspection","url":"https:\/\/www.weighingandinspection.eu\/fr\/","logo":{"@type":"ImageObject","inLanguage":"fr-FR","@id":"https:\/\/www.weighingandinspection.eu\/fr\/#\/schema\/logo\/image\/","url":"https:\/\/www.weighingandinspection.eu\/files\/uploads\/2018\/10\/logo-weighing-inspection.png","contentUrl":"https:\/\/www.weighingandinspection.eu\/files\/uploads\/2018\/10\/logo-weighing-inspection.png","width":900,"height":250,"caption":"Weighing & Inspection"},"image":{"@id":"https:\/\/www.weighingandinspection.eu\/fr\/#\/schema\/logo\/image\/"}}]}},"_links":{"self":[{"href":"https:\/\/www.weighingandinspection.eu\/fr\/wp-json\/wp\/v2\/pages\/4949","targetHints":{"allow":["GET"]}}],"collection":[{"href":"https:\/\/www.weighingandinspection.eu\/fr\/wp-json\/wp\/v2\/pages"}],"about":[{"href":"https:\/\/www.weighingandinspection.eu\/fr\/wp-json\/wp\/v2\/types\/page"}],"author":[{"embeddable":true,"href":"https:\/\/www.weighingandinspection.eu\/fr\/wp-json\/wp\/v2\/users\/2"}],"replies":[{"embeddable":true,"href":"https:\/\/www.weighingandinspection.eu\/fr\/wp-json\/wp\/v2\/comments?post=4949"}],"version-history":[{"count":21,"href":"https:\/\/www.weighingandinspection.eu\/fr\/wp-json\/wp\/v2\/pages\/4949\/revisions"}],"predecessor-version":[{"id":6810,"href":"https:\/\/www.weighingandinspection.eu\/fr\/wp-json\/wp\/v2\/pages\/4949\/revisions\/6810"}],"wp:attachment":[{"href":"https:\/\/www.weighingandinspection.eu\/fr\/wp-json\/wp\/v2\/media?parent=4949"}],"curies":[{"name":"wp","href":"https:\/\/api.w.org\/{rel}","templated":true}]}}