{"id":4945,"date":"2021-11-25T10:02:05","date_gmt":"2021-11-25T09:02:05","guid":{"rendered":"https:\/\/www.weighingandinspection.eu\/proces-en-controle\/"},"modified":"2022-10-11T13:25:30","modified_gmt":"2022-10-11T11:25:30","slug":"processus-et-controle","status":"publish","type":"page","link":"https:\/\/www.weighingandinspection.eu\/fr\/processus-et-controle\/","title":{"rendered":"Processus et contr\u00f4le"},"content":{"rendered":"<p>[vc_row full_width=\u00a0\u00bbstretch_row_content_no_spaces\u00a0\u00bb el_class=\u00a0\u00bbpt-4&Prime;][vc_column][vc_row_inner el_class=\u00a0\u00bbpage-list\u00a0\u00bb][vc_column_inner width=\u00a0\u00bb1\/5&Prime; offset=\u00a0\u00bbvc_col-xs-12&Prime;][vc_single_image image=\u00a0\u00bb1152&Prime; img_size=\u00a0\u00bb800&#215;800&Prime; onclick=\u00a0\u00bbcustom_link\u00a0\u00bb title=\u00a0\u00bbMesure de l&rsquo;humidit\u00e9 (NIR)\u00a0\u00bb link=\u00a0\u00bb\/product-category\/proces-en-controle\/vochtigheidsmeting-nir\/\u00a0\u00bb el_class=\u00a0\u00bbm-0&Prime;][\/vc_column_inner][vc_column_inner width=\u00a0\u00bb1\/5&Prime;][vc_single_image image=\u00a0\u00bb2731&Prime; img_size=\u00a0\u00bb800&#215;800&Prime; onclick=\u00a0\u00bbcustom_link\u00a0\u00bb title=\u00a0\u00bbMesure de l&rsquo;humidit\u00e9 (via micro-ondes)\u00a0\u00bb el_class=\u00a0\u00bbm-0&Prime; link=\u00a0\u00bb\/product-category\/proces-en-controle\/vochtigheidsmeting-via-microgolven\/\u00a0\u00bb][\/vc_column_inner][vc_column_inner width=\u00a0\u00bb1\/5&Prime; offset=\u00a0\u00bbvc_col-xs-12&Prime;][vc_single_image image=\u00a0\u00bb2691&Prime; img_size=\u00a0\u00bb800&#215;800&Prime; onclick=\u00a0\u00bbcustom_link\u00a0\u00bb title=\u00a0\u00bbMesure du niveau et protection des silos\u00a0\u00bb link=\u00a0\u00bb\/product-category\/proces-en-controle\/niveaumeting-en-silobeveiliging\/\u00a0\u00bb el_class=\u00a0\u00bbm-0&Prime;][\/vc_column_inner][vc_column_inner width=\u00a0\u00bb1\/5&Prime; offset=\u00a0\u00bbvc_col-xs-12&Prime;][vc_single_image image=\u00a0\u00bb2695&Prime; img_size=\u00a0\u00bb800&#215;800&Prime; onclick=\u00a0\u00bbcustom_link\u00a0\u00bb title=\u00a0\u00bbInstrumentation de processus\u00a0\u00bb link=\u00a0\u00bb\/product-category\/procesinstrumentatie\/\u00a0\u00bb el_class=\u00a0\u00bbm-0&Prime;][\/vc_column_inner][vc_column_inner width=\u00a0\u00bb1\/5&Prime; offset=\u00a0\u00bbvc_col-xs-12&Prime;][vc_single_image image=\u00a0\u00bb2703&Prime; img_size=\u00a0\u00bb800&#215;800&Prime; onclick=\u00a0\u00bbcustom_link\u00a0\u00bb title=\u00a0\u00bbProtection de bande\u00a0\u00bb link=\u00a0\u00bb\/product-category\/proces-en-controle\/bandbeveiliging\/\u00a0\u00bb el_class=\u00a0\u00bbm-0&Prime;][\/vc_column_inner][\/vc_row_inner][\/vc_column][\/vc_row][vc_row full_width=\u00a0\u00bbstretch_row_content_no_spaces\u00a0\u00bb el_class=\u00a0\u00bbpt-2&Prime;][vc_column][vc_custom_heading text=\u00a0\u00bbProcessus et contr\u00f4le. Votre secteur, notre solution.\u00a0\u00bb font_container=\u00a0\u00bbtag:div|font_size:36px|text_align:center|line_height:40px\u00a0\u00bb use_theme_fonts=\u00a0\u00bbyes\u00a0\u00bb el_class=\u00a0\u00bbtext-primary mb-2 h1&Prime;][\/vc_column][\/vc_row][vc_row full_width=\u00a0\u00bbstretch_row_content\u00a0\u00bb equal_height=\u00a0\u00bbyes\u00a0\u00bb content_placement=\u00a0\u00bbmiddle\u00a0\u00bb el_class=\u00a0\u00bbbg-primary\u00a0\u00bb][vc_column el_class=\u00a0\u00bbtext-white py-2 px-2&Prime; offset=\u00a0\u00bbvc_col-lg-6&Prime;][vc_single_image image=\u00a0\u00bb1108&Prime; img_size=\u00a0\u00bbfull\u00a0\u00bb el_class=\u00a0\u00bbmb-2 w-75&Prime;][vc_column_text el_class=\u00a0\u00bblead mb-1&Prime;]<\/p>\n<p style=\"text-align: justify;\">Weighing &amp; Inspection, en tant qu\u2019entreprise flexible, nous vous garantissons une communication rapide, un excellent service apr\u00e8s-vente, un bon rapport qualit\u00e9-prix, une large gamme, avec pr\u00e8s de 20 ans d\u2019exp\u00e9rience dans notre domaine. Testez-le vous-m\u00eame.<\/p>\n<p>[\/vc_column_text][vc_column_text el_class=\u00a0\u00bbm-0&Prime;]<\/p>\n<p style=\"text-align: justify;\">Les produits <strong>MoistTech<\/strong>\u2122-peuvent vous aider \u00e0 augmenter votre rentabilit\u00e9, votre productivit\u00e9, votre efficacit\u00e9 et \u00e0 mieux g\u00e9rer votre processus. Weighing &amp; Inspection et MoistTech propose une gamme compl\u00e8te de syst\u00e8mes de mesure de l&rsquo;humidit\u00e9 pour pratiquement toutes les applications.<\/p>\n<p>[\/vc_column_text][\/vc_column][vc_column offset=\u00a0\u00bbvc_col-lg-6&Prime;][vc_row_inner][vc_column_inner el_class=\u00a0\u00bbm-0 p-0&Prime; css=\u00a0\u00bb.vc_custom_1628778729193{margin-top: 0px !important;margin-right: 0px !important;margin-bottom: 0px !important;margin-left: 0px !important;padding-top: 0px !important;padding-right: 0px !important;padding-bottom: 0px !important;padding-left: 0px !important;}\u00a0\u00bb][vc_basic_grid post_type=\u00a0\u00bbcustom\u00a0\u00bb gap=\u00a0\u00bb0&Prime; item=\u00a0\u00bb1956&Prime; grid_id=\u00a0\u00bbvc_gid:1665487428612-d8262f75-18a0-8&Prime; custom_query=\u00a0\u00bbpost_type=page&amp;orderby=menu_order&amp;order=ASC&amp;post_parent=1936&Prime; el_class=\u00a0\u00bbm-0&Prime;][\/vc_column_inner][\/vc_row_inner][\/vc_column][\/vc_row][vc_row full_width=\u00a0\u00bbstretch_row_content_no_spaces\u00a0\u00bb][vc_column][vc_custom_heading text=\u00a0\u00bbPrend contact. BE +32 50 71 09 20 &#8211; NL +31 85 044 1822&Prime; font_container=\u00a0\u00bbtag:div|font_size:32px|text_align:center|line_height:36px\u00a0\u00bb use_theme_fonts=\u00a0\u00bbyes\u00a0\u00bb el_class=\u00a0\u00bbbg-yellow text-primary font-weight-light py-4 m-0 px-2&Prime;][\/vc_column][\/vc_row]<\/p>\n","protected":false},"excerpt":{"rendered":"<p>[vc_row full_width=\u00a0\u00bbstretch_row_content_no_spaces\u00a0\u00bb el_class=\u00a0\u00bbpt-4&Prime;][vc_column][vc_row_inner el_class=\u00a0\u00bbpage-list\u00a0\u00bb][vc_column_inner width=\u00a0\u00bb1\/5&Prime; offset=\u00a0\u00bbvc_col-xs-12&Prime;][vc_single_image image=\u00a0\u00bb1152&Prime; img_size=\u00a0\u00bb800&#215;800&Prime; onclick=\u00a0\u00bbcustom_link\u00a0\u00bb title=\u00a0\u00bbMesure de l&rsquo;humidit\u00e9 (NIR)\u00a0\u00bb link=\u00a0\u00bb\/product-category\/proces-en-controle\/vochtigheidsmeting-nir\/\u00a0\u00bb el_class=\u00a0\u00bbm-0&Prime;][\/vc_column_inner][vc_column_inner width=\u00a0\u00bb1\/5&Prime;][vc_single_image image=\u00a0\u00bb2731&Prime; img_size=\u00a0\u00bb800&#215;800&Prime; onclick=\u00a0\u00bbcustom_link\u00a0\u00bb title=\u00a0\u00bbMesure de l&rsquo;humidit\u00e9 (via micro-ondes)\u00a0\u00bb el_class=\u00a0\u00bbm-0&Prime; link=\u00a0\u00bb\/product-category\/proces-en-controle\/vochtigheidsmeting-via-microgolven\/\u00a0\u00bb][\/vc_column_inner][vc_column_inner width=\u00a0\u00bb1\/5&Prime; offset=\u00a0\u00bbvc_col-xs-12&Prime;][vc_single_image image=\u00a0\u00bb2691&Prime; img_size=\u00a0\u00bb800&#215;800&Prime; onclick=\u00a0\u00bbcustom_link\u00a0\u00bb title=\u00a0\u00bbMesure du niveau et protection des silos\u00a0\u00bb link=\u00a0\u00bb\/product-category\/proces-en-controle\/niveaumeting-en-silobeveiliging\/\u00a0\u00bb el_class=\u00a0\u00bbm-0&Prime;][\/vc_column_inner][vc_column_inner width=\u00a0\u00bb1\/5&Prime; offset=\u00a0\u00bbvc_col-xs-12&Prime;][vc_single_image image=\u00a0\u00bb2695&Prime; img_size=\u00a0\u00bb800&#215;800&Prime; onclick=\u00a0\u00bbcustom_link\u00a0\u00bb title=\u00a0\u00bbInstrumentation de processus\u00a0\u00bb link=\u00a0\u00bb\/product-category\/procesinstrumentatie\/\u00a0\u00bb el_class=\u00a0\u00bbm-0&Prime;][\/vc_column_inner][vc_column_inner width=\u00a0\u00bb1\/5&Prime; offset=\u00a0\u00bbvc_col-xs-12&Prime;][vc_single_image image=\u00a0\u00bb2703&Prime; img_size=\u00a0\u00bb800&#215;800&Prime; onclick=\u00a0\u00bbcustom_link\u00a0\u00bb [&hellip;]<\/p>\n","protected":false},"author":2,"featured_media":0,"parent":0,"menu_order":22,"comment_status":"closed","ping_status":"closed","template":"","meta":{"_acf_changed":false,"footnotes":""},"class_list":["post-4945","page","type-page","status-publish","hentry"],"acf":[],"yoast_head":"<!-- This site is optimized with the Yoast SEO plugin v26.4 - https:\/\/yoast.com\/wordpress\/plugins\/seo\/ -->\n<title>Processus et contr\u00f4le | Weighing &amp; Inspection<\/title>\n<meta name=\"description\" content=\"Weighing &amp; Inspection. L&#039;avenir des technologies de processus et de contr\u00f4le en Europe. Mesure d&#039;humidit\u00e9, Instrumentation et protection.\" \/>\n<meta name=\"robots\" content=\"index, follow, max-snippet:-1, max-image-preview:large, max-video-preview:-1\" \/>\n<link rel=\"canonical\" href=\"https:\/\/www.weighingandinspection.eu\/fr\/processus-et-controle\/\" \/>\n<meta property=\"og:locale\" content=\"fr_FR\" \/>\n<meta property=\"og:type\" content=\"article\" \/>\n<meta property=\"og:title\" content=\"Processus et contr\u00f4le | Weighing &amp; Inspection\" \/>\n<meta property=\"og:description\" content=\"Weighing &amp; Inspection. L&#039;avenir des technologies de processus et de contr\u00f4le en Europe. Mesure d&#039;humidit\u00e9, Instrumentation et protection.\" \/>\n<meta property=\"og:url\" content=\"https:\/\/www.weighingandinspection.eu\/fr\/processus-et-controle\/\" \/>\n<meta property=\"og:site_name\" content=\"Weighing &amp; Inspection\" \/>\n<meta property=\"article:modified_time\" content=\"2022-10-11T11:25:30+00:00\" \/>\n<meta property=\"og:image\" content=\"https:\/\/www.weighingandinspection.eu\/files\/uploads\/2018\/10\/slider.jpg\" \/>\n\t<meta property=\"og:image:width\" content=\"1920\" \/>\n\t<meta property=\"og:image:height\" content=\"858\" \/>\n\t<meta property=\"og:image:type\" content=\"image\/jpeg\" \/>\n<meta name=\"twitter:card\" content=\"summary_large_image\" \/>\n<script type=\"application\/ld+json\" class=\"yoast-schema-graph\">{\"@context\":\"https:\/\/schema.org\",\"@graph\":[{\"@type\":\"WebPage\",\"@id\":\"https:\/\/www.weighingandinspection.eu\/fr\/processus-et-controle\/\",\"url\":\"https:\/\/www.weighingandinspection.eu\/fr\/processus-et-controle\/\",\"name\":\"Processus et contr\u00f4le | Weighing &amp; Inspection\",\"isPartOf\":{\"@id\":\"https:\/\/www.weighingandinspection.eu\/fr\/#website\"},\"datePublished\":\"2021-11-25T09:02:05+00:00\",\"dateModified\":\"2022-10-11T11:25:30+00:00\",\"description\":\"Weighing & Inspection. L'avenir des technologies de processus et de contr\u00f4le en Europe. Mesure d'humidit\u00e9, Instrumentation et protection.\",\"breadcrumb\":{\"@id\":\"https:\/\/www.weighingandinspection.eu\/fr\/processus-et-controle\/#breadcrumb\"},\"inLanguage\":\"fr-FR\",\"potentialAction\":[{\"@type\":\"ReadAction\",\"target\":[\"https:\/\/www.weighingandinspection.eu\/fr\/processus-et-controle\/\"]}]},{\"@type\":\"BreadcrumbList\",\"@id\":\"https:\/\/www.weighingandinspection.eu\/fr\/processus-et-controle\/#breadcrumb\",\"itemListElement\":[{\"@type\":\"ListItem\",\"position\":1,\"name\":\"Home\",\"item\":\"https:\/\/www.weighingandinspection.eu\/fr\/\"},{\"@type\":\"ListItem\",\"position\":2,\"name\":\"Processus et contr\u00f4le\"}]},{\"@type\":\"WebSite\",\"@id\":\"https:\/\/www.weighingandinspection.eu\/fr\/#website\",\"url\":\"https:\/\/www.weighingandinspection.eu\/fr\/\",\"name\":\"Weighing &amp; Inspection\",\"description\":\"\",\"publisher\":{\"@id\":\"https:\/\/www.weighingandinspection.eu\/fr\/#organization\"},\"potentialAction\":[{\"@type\":\"SearchAction\",\"target\":{\"@type\":\"EntryPoint\",\"urlTemplate\":\"https:\/\/www.weighingandinspection.eu\/fr\/?s={search_term_string}\"},\"query-input\":{\"@type\":\"PropertyValueSpecification\",\"valueRequired\":true,\"valueName\":\"search_term_string\"}}],\"inLanguage\":\"fr-FR\"},{\"@type\":\"Organization\",\"@id\":\"https:\/\/www.weighingandinspection.eu\/fr\/#organization\",\"name\":\"Weighing & Inspection\",\"url\":\"https:\/\/www.weighingandinspection.eu\/fr\/\",\"logo\":{\"@type\":\"ImageObject\",\"inLanguage\":\"fr-FR\",\"@id\":\"https:\/\/www.weighingandinspection.eu\/fr\/#\/schema\/logo\/image\/\",\"url\":\"https:\/\/www.weighingandinspection.eu\/files\/uploads\/2018\/10\/logo-weighing-inspection.png\",\"contentUrl\":\"https:\/\/www.weighingandinspection.eu\/files\/uploads\/2018\/10\/logo-weighing-inspection.png\",\"width\":900,\"height\":250,\"caption\":\"Weighing & Inspection\"},\"image\":{\"@id\":\"https:\/\/www.weighingandinspection.eu\/fr\/#\/schema\/logo\/image\/\"}}]}<\/script>\n<!-- \/ Yoast SEO plugin. -->","yoast_head_json":{"title":"Processus et contr\u00f4le | Weighing &amp; Inspection","description":"Weighing & Inspection. L'avenir des technologies de processus et de contr\u00f4le en Europe. Mesure d'humidit\u00e9, Instrumentation et protection.","robots":{"index":"index","follow":"follow","max-snippet":"max-snippet:-1","max-image-preview":"max-image-preview:large","max-video-preview":"max-video-preview:-1"},"canonical":"https:\/\/www.weighingandinspection.eu\/fr\/processus-et-controle\/","og_locale":"fr_FR","og_type":"article","og_title":"Processus et contr\u00f4le | Weighing &amp; Inspection","og_description":"Weighing & Inspection. L'avenir des technologies de processus et de contr\u00f4le en Europe. Mesure d'humidit\u00e9, Instrumentation et protection.","og_url":"https:\/\/www.weighingandinspection.eu\/fr\/processus-et-controle\/","og_site_name":"Weighing &amp; Inspection","article_modified_time":"2022-10-11T11:25:30+00:00","og_image":[{"width":1920,"height":858,"url":"https:\/\/www.weighingandinspection.eu\/files\/uploads\/2018\/10\/slider.jpg","type":"image\/jpeg"}],"twitter_card":"summary_large_image","schema":{"@context":"https:\/\/schema.org","@graph":[{"@type":"WebPage","@id":"https:\/\/www.weighingandinspection.eu\/fr\/processus-et-controle\/","url":"https:\/\/www.weighingandinspection.eu\/fr\/processus-et-controle\/","name":"Processus et contr\u00f4le | Weighing &amp; Inspection","isPartOf":{"@id":"https:\/\/www.weighingandinspection.eu\/fr\/#website"},"datePublished":"2021-11-25T09:02:05+00:00","dateModified":"2022-10-11T11:25:30+00:00","description":"Weighing & Inspection. L'avenir des technologies de processus et de contr\u00f4le en Europe. Mesure d'humidit\u00e9, Instrumentation et protection.","breadcrumb":{"@id":"https:\/\/www.weighingandinspection.eu\/fr\/processus-et-controle\/#breadcrumb"},"inLanguage":"fr-FR","potentialAction":[{"@type":"ReadAction","target":["https:\/\/www.weighingandinspection.eu\/fr\/processus-et-controle\/"]}]},{"@type":"BreadcrumbList","@id":"https:\/\/www.weighingandinspection.eu\/fr\/processus-et-controle\/#breadcrumb","itemListElement":[{"@type":"ListItem","position":1,"name":"Home","item":"https:\/\/www.weighingandinspection.eu\/fr\/"},{"@type":"ListItem","position":2,"name":"Processus et contr\u00f4le"}]},{"@type":"WebSite","@id":"https:\/\/www.weighingandinspection.eu\/fr\/#website","url":"https:\/\/www.weighingandinspection.eu\/fr\/","name":"Weighing &amp; Inspection","description":"","publisher":{"@id":"https:\/\/www.weighingandinspection.eu\/fr\/#organization"},"potentialAction":[{"@type":"SearchAction","target":{"@type":"EntryPoint","urlTemplate":"https:\/\/www.weighingandinspection.eu\/fr\/?s={search_term_string}"},"query-input":{"@type":"PropertyValueSpecification","valueRequired":true,"valueName":"search_term_string"}}],"inLanguage":"fr-FR"},{"@type":"Organization","@id":"https:\/\/www.weighingandinspection.eu\/fr\/#organization","name":"Weighing & Inspection","url":"https:\/\/www.weighingandinspection.eu\/fr\/","logo":{"@type":"ImageObject","inLanguage":"fr-FR","@id":"https:\/\/www.weighingandinspection.eu\/fr\/#\/schema\/logo\/image\/","url":"https:\/\/www.weighingandinspection.eu\/files\/uploads\/2018\/10\/logo-weighing-inspection.png","contentUrl":"https:\/\/www.weighingandinspection.eu\/files\/uploads\/2018\/10\/logo-weighing-inspection.png","width":900,"height":250,"caption":"Weighing & Inspection"},"image":{"@id":"https:\/\/www.weighingandinspection.eu\/fr\/#\/schema\/logo\/image\/"}}]}},"_links":{"self":[{"href":"https:\/\/www.weighingandinspection.eu\/fr\/wp-json\/wp\/v2\/pages\/4945","targetHints":{"allow":["GET"]}}],"collection":[{"href":"https:\/\/www.weighingandinspection.eu\/fr\/wp-json\/wp\/v2\/pages"}],"about":[{"href":"https:\/\/www.weighingandinspection.eu\/fr\/wp-json\/wp\/v2\/types\/page"}],"author":[{"embeddable":true,"href":"https:\/\/www.weighingandinspection.eu\/fr\/wp-json\/wp\/v2\/users\/2"}],"replies":[{"embeddable":true,"href":"https:\/\/www.weighingandinspection.eu\/fr\/wp-json\/wp\/v2\/comments?post=4945"}],"version-history":[{"count":12,"href":"https:\/\/www.weighingandinspection.eu\/fr\/wp-json\/wp\/v2\/pages\/4945\/revisions"}],"predecessor-version":[{"id":6813,"href":"https:\/\/www.weighingandinspection.eu\/fr\/wp-json\/wp\/v2\/pages\/4945\/revisions\/6813"}],"wp:attachment":[{"href":"https:\/\/www.weighingandinspection.eu\/fr\/wp-json\/wp\/v2\/media?parent=4945"}],"curies":[{"name":"wp","href":"https:\/\/api.w.org\/{rel}","templated":true}]}}