{"id":2239,"date":"2021-08-12T16:21:57","date_gmt":"2021-08-12T14:21:57","guid":{"rendered":"https:\/\/www.weighingandinspection.eu\/inspection-de-produits\/secteurs\/mijnbouw\/"},"modified":"2022-10-07T12:57:26","modified_gmt":"2022-10-07T10:57:26","slug":"industrie-du-vrac","status":"publish","type":"page","link":"https:\/\/www.weighingandinspection.eu\/fr\/industries\/industrie-du-vrac\/","title":{"rendered":"Industrie du vrac"},"content":{"rendered":"<p>[vc_row el_class=\u00a0\u00bbpy-4&Prime;][vc_column][vc_column_text el_class=\u00a0\u00bblead m-0&Prime;]<\/p>\n<p style=\"text-align: center;\">Notre gamme de produits, adapt\u00e9e \u00e0 l&rsquo;industrie des mat\u00e9riaux du vrac, comprend tout d&rsquo;abord une gamme compl\u00e8te de pesage dynamique comme les peseuses \u00e0 bande de la marque bien connue RAMSEY\u2122 et nos peseuses \u00e0 bande de notre marque maison WIBE, utilisables pour toutes les capacit\u00e9s, largeurs de bande et produits. Nos peseuses \u00e0 bande sont \u00e9galement disponibles en versions calibr\u00e9es, adapt\u00e9es aux classes 2, 1 et m\u00eame \u00e0 la classe de pr\u00e9cision la plus \u00e9lev\u00e9e, la classe 0,5.<\/p>\n<p>[\/vc_column_text][\/vc_column][\/vc_row][vc_row full_width=\u00a0\u00bbstretch_row_content\u00a0\u00bb equal_height=\u00a0\u00bbyes\u00a0\u00bb content_placement=\u00a0\u00bbmiddle\u00a0\u00bb el_class=\u00a0\u00bbbg-primary\u00a0\u00bb][vc_column width=\u00a0\u00bb1\/3&Prime; css=\u00a0\u00bb.vc_custom_1664188859797{background-image: url(https:\/\/www.weighingandinspection.eu\/files\/uploads\/2022\/09\/AdobeStock_356392282.jpeg?id=6424) !important;background-position: center !important;background-repeat: no-repeat !important;background-size: cover !important;}\u00a0\u00bb][vc_empty_space height=\u00a0\u00bb250px\u00a0\u00bb][\/vc_column][vc_column width=\u00a0\u00bb2\/3&Prime; el_class=\u00a0\u00bbpy-4 px-2 text-white\u00a0\u00bb][vc_column_text el_class=\u00a0\u00bblead m-0&Prime;]Comme alternative \u00e0 nos peseuses \u00e0 bande, des peseuses \u00e0 vis sont \u00e9galement disponibles, avec une vis compl\u00e8te ou \u00e9ventuellement une mise \u00e0 niveau d&rsquo;une vis existante vers une peseuse \u00e0 vis \u00e0 part enti\u00e8re.<\/p>\n<p>Notre d\u00e9bitm\u00e8tre de solides DynaFlow, bas\u00e9 sur la mesure centrip\u00e8te, est \u00e9galement souvent utilis\u00e9 dans l&rsquo;industrie des mati\u00e8res premi\u00e8res.<\/p>\n<p>Comme alternative aux peseuses \u00e0 bande, aux peseuses \u00e0 vis et aux d\u00e9bitm\u00e8tres de solides, nous appliquons \u00e9galement des peseuses \u00e0 flux continu. Une peseuse \u00e0 flux continu offre l&rsquo;avantage principal de garantir une tr\u00e8s grande pr\u00e9cision (\u00e9galement \u00e9talonn\u00e9e) et une grande fiabilit\u00e9. De plus, notre peseuse \u00e0 flux continu a \u00e9galement un design tr\u00e8s compact, ce qui la rend utilisable dans de nombreux processus.<br \/>\n[\/vc_column_text][\/vc_column][\/vc_row][vc_row full_width=\u00a0\u00bbstretch_row_content\u00a0\u00bb equal_height=\u00a0\u00bbyes\u00a0\u00bb content_placement=\u00a0\u00bbmiddle\u00a0\u00bb el_class=\u00a0\u00bbbg-primary\u00a0\u00bb][vc_column width=\u00a0\u00bb2\/3&Prime; el_class=\u00a0\u00bbpy-4 px-2 text-white\u00a0\u00bb][vc_column_text el_class=\u00a0\u00bbm-0&Prime;]Une variante fr\u00e9quemment utilis\u00e9e pour les peseuses \u00e0 bande et les peseuses \u00e0 vis est la mesure volum\u00e9trique, bas\u00e9e sur la mesure laser ou la mesure 3D. Cette mesure volum\u00e9trique peut \u00eatre utilis\u00e9e dans les applications o\u00f9 il n&rsquo;y a pas de chargement correct de la bande ou lorsque le pesage int\u00e9gr\u00e9 de la bande est difficile et\/ou impossible.<\/p>\n<p>Le dosage de toutes sortes de mati\u00e8res premi\u00e8res est \u00e9galement possible. Cela comprend le dosage par syst\u00e8me de dosage par perte de poids (LIW) via des vis ou des alimentateurs vibrants, tant pour le dosage fin que grossier, des bandes de pesage et de dosage pour toutes les capacit\u00e9s, standard et sur mesure, et le dosage par lots.<\/p>\n<p>Une tr\u00e8s large gamme de pesage statique est \u00e9galement disponible, allant de simples cellules de charge avec ou sans modules int\u00e9gr\u00e9s, en passant par une tr\u00e8s large gamme de balances de sol et de table jusqu&rsquo;\u00e0 des solutions compl\u00e8tes de pesage de silos. Nos solutions de pesage statique sont disponibles jusqu&rsquo;\u00e0 une capacit\u00e9 de plusieurs centaines de tonnes.<br \/>\n[\/vc_column_text][\/vc_column][vc_column width=\u00a0\u00bb1\/3&Prime; css=\u00a0\u00bb.vc_custom_1630327815806{background-image: url(https:\/\/www.weighingandinspection.eu\/files\/uploads\/2020\/10\/pesage-et-dosage.jpg?id=1147) !important;background-position: center !important;background-repeat: no-repeat !important;background-size: cover !important;}\u00a0\u00bb][vc_empty_space height=\u00a0\u00bb250px\u00a0\u00bb][\/vc_column][\/vc_row][vc_row full_width=\u00a0\u00bbstretch_row_content\u00a0\u00bb equal_height=\u00a0\u00bbyes\u00a0\u00bb content_placement=\u00a0\u00bbmiddle\u00a0\u00bb el_class=\u00a0\u00bbbg-primary text-white py-3&Prime;][vc_column width=\u00a0\u00bb1\/3&Prime; el_class=\u00a0\u00bbpy-4 px-2 text-white\u00a0\u00bb css=\u00a0\u00bb.vc_custom_1664188873814{background-image: url(https:\/\/www.weighingandinspection.eu\/files\/uploads\/2022\/09\/AdobeStock_298590675.jpeg?id=6435) !important;background-position: center !important;background-repeat: no-repeat !important;background-size: cover !important;}\u00a0\u00bb][vc_empty_space height=\u00a0\u00bb250px\u00a0\u00bb][\/vc_column][vc_column width=\u00a0\u00bb2\/3&Prime; css=\u00a0\u00bb.vc_custom_1663577752354{background-position: center !important;background-repeat: no-repeat !important;background-size: cover !important;}\u00a0\u00bb][vc_column_text el_class=\u00a0\u00bbm-0&Prime;]La mesure de l&rsquo;humidit\u00e9 est un moyen de mesure suppl\u00e9mentaire tr\u00e8s souvent utilis\u00e9 dans l&rsquo;industrie des mat\u00e9riaux en vrac. La mesure de l&rsquo;humidit\u00e9 est souvent un param\u00e8tre tr\u00e8s important pour le contr\u00f4le de votre processus. Notre mesure d&rsquo;humidit\u00e9 MoistTech est une solution haut de gamme, bas\u00e9e sur une mesure NIR en ligne et sans contact. C&rsquo;est un excellent moyen de mesure pour obtenir une bonne mesure d&rsquo;humidit\u00e9 dans presque toutes les circonstances.<\/p>\n<p>Nous appliquons \u00e9galement fr\u00e9quemment les d\u00e9tecteurs de m\u00e9taux CASSEL dans l&rsquo;industrie des mat\u00e9riaux en vrac. Comme outil de contr\u00f4le dans le processus de production, pour garantir la puret\u00e9 du produit. Les d\u00e9tecteurs de m\u00e9taux CASSEL peuvent \u00eatre utilis\u00e9s sur pratiquement tous les types de mat\u00e9riaux en vrac, dans des petites ouvertures ou des ouvertures allant jusqu&rsquo;\u00e0 2 m et plus. Nos d\u00e9tecteurs de m\u00e9taux garantissent un produit final exempt de m\u00e9taux, en contr\u00f4lant la contamination par les m\u00e9taux ferreux, non ferreux et l&rsquo;acier inoxydable.<\/p>\n<p>Il est \u00e9galement souvent tr\u00e8s important de suivre les tonnages trait\u00e9s par vos chargeurs sur roues afin d&rsquo;\u00e9viter les surcharges, d&rsquo;\u00e9tablir un graphique de l&rsquo;utilisation efficace des machines ou de surveiller la consommation totale de marchandises. Nos syst\u00e8mes de pesage de chargeuses sur pneus LOADRITE\u00ae fournissent non seulement des r\u00e9sultats de pesage fiables, mais permettent \u00e9galement, si n\u00e9cessaire, de surveiller parfaitement vos chargeuses sur pneus \u00e0 distance via notre plateforme bas\u00e9e sur le cloud et de garantir une transparence totale. Un bon pesage des chargeurs sur roues assure un meilleur contr\u00f4le du processus.<br \/>\n[\/vc_column_text][\/vc_column][\/vc_row][vc_row el_class=\u00a0\u00bbpt-6&Prime;][vc_column][vc_custom_heading text=\u00a0\u00bbProduits associ\u00e9s\u00a0\u00bb font_container=\u00a0\u00bbtag:div|font_size:36px|text_align:center|line_height:40px\u00a0\u00bb use_theme_fonts=\u00a0\u00bbyes\u00a0\u00bb el_class=\u00a0\u00bbtext-primary mb-2 h1 text-uppercase\u00a0\u00bb][\/vc_column][\/vc_row][vc_row][vc_column][vc_basic_grid post_type=\u00a0\u00bbproduct\u00a0\u00bb max_items=\u00a0\u00bb-1&Prime; style=\u00a0\u00bbpagination\u00a0\u00bb items_per_page=\u00a0\u00bb3&Prime; orderby=\u00a0\u00bbtitle\u00a0\u00bb arrows_design=\u00a0\u00bbvc_arrow-icon-arrow_01_left\u00a0\u00bb arrows_position=\u00a0\u00bboutside\u00a0\u00bb arrows_color=\u00a0\u00bbblack\u00a0\u00bb paging_design=\u00a0\u00bbnone\u00a0\u00bb loop=\u00a0\u00bbyes\u00a0\u00bb item=\u00a0\u00bb923&Prime; grid_id=\u00a0\u00bbvc_gid:1665139398085-76f0eca1-6585-6&Prime; taxonomies=\u00a0\u00bb1276&Prime;][\/vc_column][\/vc_row]<\/p>\n","protected":false},"excerpt":{"rendered":"<p>[vc_row el_class=\u00a0\u00bbpy-4&Prime;][vc_column][vc_column_text el_class=\u00a0\u00bblead m-0&Prime;] Notre gamme de produits, adapt\u00e9e \u00e0 l&rsquo;industrie des mat\u00e9riaux du vrac, comprend tout d&rsquo;abord une gamme compl\u00e8te de pesage dynamique comme les peseuses \u00e0 bande de la marque bien connue RAMSEY\u2122 et nos peseuses \u00e0 bande de notre marque maison WIBE, utilisables pour toutes les capacit\u00e9s, largeurs de bande et produits. [&hellip;]<\/p>\n","protected":false},"author":3,"featured_media":6424,"parent":2210,"menu_order":1,"comment_status":"closed","ping_status":"closed","template":"","meta":{"_acf_changed":false,"footnotes":""},"class_list":["post-2239","page","type-page","status-publish","has-post-thumbnail","hentry"],"acf":[],"yoast_head":"<!-- This site is optimized with the Yoast SEO plugin v26.4 - https:\/\/yoast.com\/wordpress\/plugins\/seo\/ -->\n<title>Industrie du vrac | Weighing &amp; Inspection<\/title>\n<meta name=\"description\" content=\"Industrie du vrac\" \/>\n<meta name=\"robots\" content=\"index, follow, max-snippet:-1, max-image-preview:large, max-video-preview:-1\" \/>\n<link rel=\"canonical\" href=\"https:\/\/www.weighingandinspection.eu\/fr\/industries\/industrie-du-vrac\/\" \/>\n<meta property=\"og:locale\" content=\"fr_FR\" \/>\n<meta property=\"og:type\" content=\"article\" \/>\n<meta property=\"og:title\" content=\"Industrie du vrac | Weighing &amp; Inspection\" \/>\n<meta property=\"og:description\" content=\"Industrie du vrac\" \/>\n<meta property=\"og:url\" content=\"https:\/\/www.weighingandinspection.eu\/fr\/industries\/industrie-du-vrac\/\" \/>\n<meta property=\"og:site_name\" content=\"Weighing &amp; Inspection\" \/>\n<meta property=\"article:modified_time\" content=\"2022-10-07T10:57:26+00:00\" \/>\n<meta property=\"og:image\" content=\"https:\/\/www.weighingandinspection.eu\/files\/uploads\/2022\/09\/AdobeStock_356392282-1024x683.jpeg\" \/>\n\t<meta property=\"og:image:width\" content=\"1024\" \/>\n\t<meta property=\"og:image:height\" content=\"683\" \/>\n\t<meta property=\"og:image:type\" content=\"image\/jpeg\" \/>\n<meta name=\"twitter:card\" content=\"summary_large_image\" \/>\n<script type=\"application\/ld+json\" class=\"yoast-schema-graph\">{\"@context\":\"https:\/\/schema.org\",\"@graph\":[{\"@type\":\"WebPage\",\"@id\":\"https:\/\/www.weighingandinspection.eu\/fr\/industries\/industrie-du-vrac\/\",\"url\":\"https:\/\/www.weighingandinspection.eu\/fr\/industries\/industrie-du-vrac\/\",\"name\":\"Industrie du vrac | Weighing &amp; Inspection\",\"isPartOf\":{\"@id\":\"https:\/\/www.weighingandinspection.eu\/fr\/#website\"},\"primaryImageOfPage\":{\"@id\":\"https:\/\/www.weighingandinspection.eu\/fr\/industries\/industrie-du-vrac\/#primaryimage\"},\"image\":{\"@id\":\"https:\/\/www.weighingandinspection.eu\/fr\/industries\/industrie-du-vrac\/#primaryimage\"},\"thumbnailUrl\":\"https:\/\/www.weighingandinspection.eu\/files\/uploads\/2022\/09\/AdobeStock_356392282.jpeg\",\"datePublished\":\"2021-08-12T14:21:57+00:00\",\"dateModified\":\"2022-10-07T10:57:26+00:00\",\"description\":\"Industrie du vrac\",\"breadcrumb\":{\"@id\":\"https:\/\/www.weighingandinspection.eu\/fr\/industries\/industrie-du-vrac\/#breadcrumb\"},\"inLanguage\":\"fr-FR\",\"potentialAction\":[{\"@type\":\"ReadAction\",\"target\":[\"https:\/\/www.weighingandinspection.eu\/fr\/industries\/industrie-du-vrac\/\"]}]},{\"@type\":\"ImageObject\",\"inLanguage\":\"fr-FR\",\"@id\":\"https:\/\/www.weighingandinspection.eu\/fr\/industries\/industrie-du-vrac\/#primaryimage\",\"url\":\"https:\/\/www.weighingandinspection.eu\/files\/uploads\/2022\/09\/AdobeStock_356392282.jpeg\",\"contentUrl\":\"https:\/\/www.weighingandinspection.eu\/files\/uploads\/2022\/09\/AdobeStock_356392282.jpeg\",\"width\":8256,\"height\":5504},{\"@type\":\"BreadcrumbList\",\"@id\":\"https:\/\/www.weighingandinspection.eu\/fr\/industries\/industrie-du-vrac\/#breadcrumb\",\"itemListElement\":[{\"@type\":\"ListItem\",\"position\":1,\"name\":\"Home\",\"item\":\"https:\/\/www.weighingandinspection.eu\/fr\/\"},{\"@type\":\"ListItem\",\"position\":2,\"name\":\"Industries\",\"item\":\"https:\/\/www.weighingandinspection.eu\/fr\/industries\/\"},{\"@type\":\"ListItem\",\"position\":3,\"name\":\"Industrie du vrac\"}]},{\"@type\":\"WebSite\",\"@id\":\"https:\/\/www.weighingandinspection.eu\/fr\/#website\",\"url\":\"https:\/\/www.weighingandinspection.eu\/fr\/\",\"name\":\"Weighing &amp; Inspection\",\"description\":\"\",\"publisher\":{\"@id\":\"https:\/\/www.weighingandinspection.eu\/fr\/#organization\"},\"potentialAction\":[{\"@type\":\"SearchAction\",\"target\":{\"@type\":\"EntryPoint\",\"urlTemplate\":\"https:\/\/www.weighingandinspection.eu\/fr\/?s={search_term_string}\"},\"query-input\":{\"@type\":\"PropertyValueSpecification\",\"valueRequired\":true,\"valueName\":\"search_term_string\"}}],\"inLanguage\":\"fr-FR\"},{\"@type\":\"Organization\",\"@id\":\"https:\/\/www.weighingandinspection.eu\/fr\/#organization\",\"name\":\"Weighing & Inspection\",\"url\":\"https:\/\/www.weighingandinspection.eu\/fr\/\",\"logo\":{\"@type\":\"ImageObject\",\"inLanguage\":\"fr-FR\",\"@id\":\"https:\/\/www.weighingandinspection.eu\/fr\/#\/schema\/logo\/image\/\",\"url\":\"https:\/\/www.weighingandinspection.eu\/files\/uploads\/2018\/10\/logo-weighing-inspection.png\",\"contentUrl\":\"https:\/\/www.weighingandinspection.eu\/files\/uploads\/2018\/10\/logo-weighing-inspection.png\",\"width\":900,\"height\":250,\"caption\":\"Weighing & Inspection\"},\"image\":{\"@id\":\"https:\/\/www.weighingandinspection.eu\/fr\/#\/schema\/logo\/image\/\"}}]}<\/script>\n<!-- \/ Yoast SEO plugin. -->","yoast_head_json":{"title":"Industrie du vrac | Weighing &amp; Inspection","description":"Industrie du vrac","robots":{"index":"index","follow":"follow","max-snippet":"max-snippet:-1","max-image-preview":"max-image-preview:large","max-video-preview":"max-video-preview:-1"},"canonical":"https:\/\/www.weighingandinspection.eu\/fr\/industries\/industrie-du-vrac\/","og_locale":"fr_FR","og_type":"article","og_title":"Industrie du vrac | Weighing &amp; Inspection","og_description":"Industrie du vrac","og_url":"https:\/\/www.weighingandinspection.eu\/fr\/industries\/industrie-du-vrac\/","og_site_name":"Weighing &amp; Inspection","article_modified_time":"2022-10-07T10:57:26+00:00","og_image":[{"width":1024,"height":683,"url":"https:\/\/www.weighingandinspection.eu\/files\/uploads\/2022\/09\/AdobeStock_356392282-1024x683.jpeg","type":"image\/jpeg"}],"twitter_card":"summary_large_image","schema":{"@context":"https:\/\/schema.org","@graph":[{"@type":"WebPage","@id":"https:\/\/www.weighingandinspection.eu\/fr\/industries\/industrie-du-vrac\/","url":"https:\/\/www.weighingandinspection.eu\/fr\/industries\/industrie-du-vrac\/","name":"Industrie du vrac | Weighing &amp; Inspection","isPartOf":{"@id":"https:\/\/www.weighingandinspection.eu\/fr\/#website"},"primaryImageOfPage":{"@id":"https:\/\/www.weighingandinspection.eu\/fr\/industries\/industrie-du-vrac\/#primaryimage"},"image":{"@id":"https:\/\/www.weighingandinspection.eu\/fr\/industries\/industrie-du-vrac\/#primaryimage"},"thumbnailUrl":"https:\/\/www.weighingandinspection.eu\/files\/uploads\/2022\/09\/AdobeStock_356392282.jpeg","datePublished":"2021-08-12T14:21:57+00:00","dateModified":"2022-10-07T10:57:26+00:00","description":"Industrie du vrac","breadcrumb":{"@id":"https:\/\/www.weighingandinspection.eu\/fr\/industries\/industrie-du-vrac\/#breadcrumb"},"inLanguage":"fr-FR","potentialAction":[{"@type":"ReadAction","target":["https:\/\/www.weighingandinspection.eu\/fr\/industries\/industrie-du-vrac\/"]}]},{"@type":"ImageObject","inLanguage":"fr-FR","@id":"https:\/\/www.weighingandinspection.eu\/fr\/industries\/industrie-du-vrac\/#primaryimage","url":"https:\/\/www.weighingandinspection.eu\/files\/uploads\/2022\/09\/AdobeStock_356392282.jpeg","contentUrl":"https:\/\/www.weighingandinspection.eu\/files\/uploads\/2022\/09\/AdobeStock_356392282.jpeg","width":8256,"height":5504},{"@type":"BreadcrumbList","@id":"https:\/\/www.weighingandinspection.eu\/fr\/industries\/industrie-du-vrac\/#breadcrumb","itemListElement":[{"@type":"ListItem","position":1,"name":"Home","item":"https:\/\/www.weighingandinspection.eu\/fr\/"},{"@type":"ListItem","position":2,"name":"Industries","item":"https:\/\/www.weighingandinspection.eu\/fr\/industries\/"},{"@type":"ListItem","position":3,"name":"Industrie du vrac"}]},{"@type":"WebSite","@id":"https:\/\/www.weighingandinspection.eu\/fr\/#website","url":"https:\/\/www.weighingandinspection.eu\/fr\/","name":"Weighing &amp; Inspection","description":"","publisher":{"@id":"https:\/\/www.weighingandinspection.eu\/fr\/#organization"},"potentialAction":[{"@type":"SearchAction","target":{"@type":"EntryPoint","urlTemplate":"https:\/\/www.weighingandinspection.eu\/fr\/?s={search_term_string}"},"query-input":{"@type":"PropertyValueSpecification","valueRequired":true,"valueName":"search_term_string"}}],"inLanguage":"fr-FR"},{"@type":"Organization","@id":"https:\/\/www.weighingandinspection.eu\/fr\/#organization","name":"Weighing & Inspection","url":"https:\/\/www.weighingandinspection.eu\/fr\/","logo":{"@type":"ImageObject","inLanguage":"fr-FR","@id":"https:\/\/www.weighingandinspection.eu\/fr\/#\/schema\/logo\/image\/","url":"https:\/\/www.weighingandinspection.eu\/files\/uploads\/2018\/10\/logo-weighing-inspection.png","contentUrl":"https:\/\/www.weighingandinspection.eu\/files\/uploads\/2018\/10\/logo-weighing-inspection.png","width":900,"height":250,"caption":"Weighing & Inspection"},"image":{"@id":"https:\/\/www.weighingandinspection.eu\/fr\/#\/schema\/logo\/image\/"}}]}},"_links":{"self":[{"href":"https:\/\/www.weighingandinspection.eu\/fr\/wp-json\/wp\/v2\/pages\/2239","targetHints":{"allow":["GET"]}}],"collection":[{"href":"https:\/\/www.weighingandinspection.eu\/fr\/wp-json\/wp\/v2\/pages"}],"about":[{"href":"https:\/\/www.weighingandinspection.eu\/fr\/wp-json\/wp\/v2\/types\/page"}],"author":[{"embeddable":true,"href":"https:\/\/www.weighingandinspection.eu\/fr\/wp-json\/wp\/v2\/users\/3"}],"replies":[{"embeddable":true,"href":"https:\/\/www.weighingandinspection.eu\/fr\/wp-json\/wp\/v2\/comments?post=2239"}],"version-history":[{"count":14,"href":"https:\/\/www.weighingandinspection.eu\/fr\/wp-json\/wp\/v2\/pages\/2239\/revisions"}],"predecessor-version":[{"id":6800,"href":"https:\/\/www.weighingandinspection.eu\/fr\/wp-json\/wp\/v2\/pages\/2239\/revisions\/6800"}],"up":[{"embeddable":true,"href":"https:\/\/www.weighingandinspection.eu\/fr\/wp-json\/wp\/v2\/pages\/2210"}],"wp:featuredmedia":[{"embeddable":true,"href":"https:\/\/www.weighingandinspection.eu\/fr\/wp-json\/wp\/v2\/media\/6424"}],"wp:attachment":[{"href":"https:\/\/www.weighingandinspection.eu\/fr\/wp-json\/wp\/v2\/media?parent=2239"}],"curies":[{"name":"wp","href":"https:\/\/api.w.org\/{rel}","templated":true}]}}