{"id":2231,"date":"2021-08-12T16:19:14","date_gmt":"2021-08-12T14:19:14","guid":{"rendered":"https:\/\/www.weighingandinspection.eu\/inspection-de-produits\/secteurs\/textiel-en-non-woven\/"},"modified":"2022-09-27T12:14:32","modified_gmt":"2022-09-27T10:14:32","slug":"textile-papier-et-carton","status":"publish","type":"page","link":"https:\/\/www.weighingandinspection.eu\/fr\/industries\/textile-papier-et-carton\/","title":{"rendered":"Textile, papier et carton"},"content":{"rendered":"<p>[vc_row el_class=\u00a0\u00bbpy-4&Prime;][vc_column][vc_column_text el_class=\u00a0\u00bblead m-0&Prime;]<\/p>\n<p style=\"text-align: center;\">Lorsqu&rsquo;il s&rsquo;agit de d\u00e9tecter et d&rsquo;\u00e9liminer le m\u00e9tal ou d&rsquo;autres corps \u00e9trangers dans les produits non tiss\u00e9s, il n&rsquo;existe pas de syst\u00e8me unique pour tous. Les d\u00e9tecteurs de m\u00e9taux sont souvent utilis\u00e9s pour filtrer les fibres avant d&rsquo;entr\u00e9e en production et \u00e9liminer les mati\u00e8res premi\u00e8res impures.<\/p>\n<p>[\/vc_column_text][\/vc_column][\/vc_row][vc_row full_width=\u00a0\u00bbstretch_row_content\u00a0\u00bb equal_height=\u00a0\u00bbyes\u00a0\u00bb content_placement=\u00a0\u00bbmiddle\u00a0\u00bb el_class=\u00a0\u00bbbg-primary\u00a0\u00bb][vc_column width=\u00a0\u00bb1\/3&Prime; css=\u00a0\u00bb.vc_custom_1630327499819{background-image: url(https:\/\/www.weighingandinspection.eu\/files\/uploads\/2021\/08\/textiel-en-non-woven.jpg?id=2004) !important;background-position: center !important;background-repeat: no-repeat !important;background-size: cover !important;}\u00a0\u00bb][vc_empty_space height=\u00a0\u00bb250px\u00a0\u00bb][\/vc_column][vc_column width=\u00a0\u00bb2\/3&Prime; el_class=\u00a0\u00bbpy-4 px-2 text-white\u00a0\u00bb][vc_column_text el_class=\u00a0\u00bblead m-0&Prime;]Nous pouvons utiliser des d\u00e9tecteurs de m\u00e9taux sp\u00e9cialement con\u00e7us pour v\u00e9rifier la pr\u00e9sence de m\u00e9tal dans les tapis, les tissus, les toiles avant qu&rsquo;ils ne soient emball\u00e9s. Merci \u00e9galement \u00e0 notre partenaire CASSEL Inspection avec qui nous travaillons depuis de nombreuses ann\u00e9es.[\/vc_column_text][\/vc_column][\/vc_row][vc_row full_width=\u00a0\u00bbstretch_row_content\u00a0\u00bb equal_height=\u00a0\u00bbyes\u00a0\u00bb content_placement=\u00a0\u00bbmiddle\u00a0\u00bb el_class=\u00a0\u00bbbg-primary\u00a0\u00bb][vc_column width=\u00a0\u00bb2\/3&Prime; el_class=\u00a0\u00bbpy-4 px-2 text-white\u00a0\u00bb][vc_custom_heading text=\u00a0\u00bbMesure en ligne de l&rsquo;humidit\u00e9 du textile, du non-tiss\u00e9 ou du papier et du carton\u00a0\u00bb font_container=\u00a0\u00bbtag:div|font_size:32px|text_align:left|line_height:36px\u00a0\u00bb use_theme_fonts=\u00a0\u00bbyes\u00a0\u00bb el_class=\u00a0\u00bbtext-white my-2 h1&Prime;][vc_column_text el_class=\u00a0\u00bbm-0&Prime;]Le contr\u00f4le de l&rsquo;humidit\u00e9 et la mesure du poids de base pendant le processus de production sont essentiels pour maintenir une qualit\u00e9 et une homog\u00e9n\u00e9it\u00e9 id\u00e9ales des textiles. Les niveaux d&rsquo;humidit\u00e9 varient souvent dans les mati\u00e8res premi\u00e8res et \u00e0 diff\u00e9rents moments du processus de production, ce qui rend un syst\u00e8me de mesure de l&rsquo;humidit\u00e9 hors contrat vital pour obtenir un produit final de haute qualit\u00e9.[\/vc_column_text][vc_empty_space][vc_column_text el_class=\u00a0\u00bbm-0&Prime;]Le contr\u00f4le de l&rsquo;humidit\u00e9 des textiles et des non-tiss\u00e9s permet de r\u00e9duire les frais de transport, de diminuer les co\u00fbts \u00e9nerg\u00e9tiques et plus encore. En outre, le contr\u00f4le de l&rsquo;humidit\u00e9 emp\u00eache les produits de geler pendant l&rsquo;exp\u00e9dition et le transport. Gr\u00e2ce \u00e0 notre MoistTech NIR3000 en ligne, nous pouvons fournir ce contr\u00f4le sans contact.[\/vc_column_text][\/vc_column][vc_column width=\u00a0\u00bb1\/3&Prime; css=\u00a0\u00bb.vc_custom_1663581335443{background-image: url(https:\/\/www.weighingandinspection.eu\/files\/uploads\/2022\/09\/ziwbuy7j.bmp?id=6155) !important;background-position: center !important;background-repeat: no-repeat !important;background-size: cover !important;}\u00a0\u00bb][vc_empty_space height=\u00a0\u00bb250px\u00a0\u00bb][\/vc_column][\/vc_row][vc_row full_width=\u00a0\u00bbstretch_row_content\u00a0\u00bb equal_height=\u00a0\u00bbyes\u00a0\u00bb content_placement=\u00a0\u00bbmiddle\u00a0\u00bb el_class=\u00a0\u00bbbg-primary\u00a0\u00bb][vc_column width=\u00a0\u00bb1\/3&Prime; css=\u00a0\u00bb.vc_custom_1663581454770{background-image: url(https:\/\/www.weighingandinspection.eu\/files\/uploads\/2022\/09\/pv7dmt7l.bmp?id=6146) !important;background-position: center !important;background-repeat: no-repeat !important;background-size: cover !important;}\u00a0\u00bb][vc_empty_space height=\u00a0\u00bb250px\u00a0\u00bb][\/vc_column][vc_column width=\u00a0\u00bb2\/3&Prime; el_class=\u00a0\u00bbpy-4 px-2 text-white\u00a0\u00bb][vc_custom_heading text=\u00a0\u00bbDosage des additifs ou lignes d&rsquo;extrusion\u00a0\u00bb font_container=\u00a0\u00bbtag:div|font_size:32px|text_align:left|line_height:36px\u00a0\u00bb use_theme_fonts=\u00a0\u00bbyes\u00a0\u00bb el_class=\u00a0\u00bbtext-white my-2 h1&Prime;][vc_column_text el_class=\u00a0\u00bbm-0 link-list-white\u00a0\u00bb]Notre gamme \u00e9tendue de doseurs BHT \u00e0 perte en poids (LIW) ou volum\u00e9triques est sp\u00e9cifique \u00e0 l&rsquo;industrie textile. Nos doseurs LIW et\/ou nos unit\u00e9s de dosage volum\u00e9trique sont disponibles en plusieurs versions et peuvent \u00eatre construits selon les besoins du client. Du sur mesure, en d&rsquo;autres termes ! Des alimentateurs \u00e0 double vis sont disponibles pour un dosage fin, un brise-mottes sp\u00e9cial est disponible pour les produits difficiles \u00e0 doser, et des goulottes vibrantes sont disponibles pour les produits qui risquent d&rsquo;\u00eatre endommag\u00e9s (pellets, granul\u00e9s, par exemple). Presque tout est possible. En collaboration avec notre partenaire italien BHT, qui a ses origines dans l&rsquo;industrie des mati\u00e8res plastiques et poss\u00e8de de nombreuses ann\u00e9es d&rsquo;exp\u00e9rience, nous pouvons vous aider \u00e0 r\u00e9soudre votre probl\u00e8me de dosage.[\/vc_column_text][\/vc_column][\/vc_row][vc_row][vc_column][vc_basic_grid post_type=\u00a0\u00bbproduct\u00a0\u00bb max_items=\u00a0\u00bb-1&Prime; style=\u00a0\u00bbpagination\u00a0\u00bb items_per_page=\u00a0\u00bb3&Prime; orderby=\u00a0\u00bbtitle\u00a0\u00bb arrows_design=\u00a0\u00bbvc_arrow-icon-arrow_01_left\u00a0\u00bb arrows_position=\u00a0\u00bboutside\u00a0\u00bb arrows_color=\u00a0\u00bbblack\u00a0\u00bb paging_design=\u00a0\u00bbnone\u00a0\u00bb loop=\u00a0\u00bbyes\u00a0\u00bb item=\u00a0\u00bb923&Prime; grid_id=\u00a0\u00bbvc_gid:1663836819470-e9c82656-d213-5&Prime; taxonomies=\u00a0\u00bb1291&Prime;][\/vc_column][\/vc_row]<\/p>\n","protected":false},"excerpt":{"rendered":"<p>[vc_row el_class=\u00a0\u00bbpy-4&Prime;][vc_column][vc_column_text el_class=\u00a0\u00bblead m-0&Prime;] Lorsqu&rsquo;il s&rsquo;agit de d\u00e9tecter et d&rsquo;\u00e9liminer le m\u00e9tal ou d&rsquo;autres corps \u00e9trangers dans les produits non tiss\u00e9s, il n&rsquo;existe pas de syst\u00e8me unique pour tous. Les d\u00e9tecteurs de m\u00e9taux sont souvent utilis\u00e9s pour filtrer les fibres avant d&rsquo;entr\u00e9e en production et \u00e9liminer les mati\u00e8res premi\u00e8res impures. [\/vc_column_text][\/vc_column][\/vc_row][vc_row full_width=\u00a0\u00bbstretch_row_content\u00a0\u00bb equal_height=\u00a0\u00bbyes\u00a0\u00bb content_placement=\u00a0\u00bbmiddle\u00a0\u00bb el_class=\u00a0\u00bbbg-primary\u00a0\u00bb][vc_column [&hellip;]<\/p>\n","protected":false},"author":3,"featured_media":2006,"parent":2210,"menu_order":11,"comment_status":"closed","ping_status":"closed","template":"","meta":{"_acf_changed":false,"footnotes":""},"class_list":["post-2231","page","type-page","status-publish","has-post-thumbnail","hentry"],"acf":[],"yoast_head":"<!-- This site is optimized with the Yoast SEO plugin v26.4 - https:\/\/yoast.com\/wordpress\/plugins\/seo\/ -->\n<title>Textile, papier et carton | Weighing &amp; Inspection<\/title>\n<meta name=\"description\" content=\"Pour d\u00e9tecter et d&#039;\u00e9liminer le m\u00e9tal ou d&#039;autres corps \u00e9trangers dans les produits non tiss\u00e9s, il n&#039;existe pas de syst\u00e8me unique pour tous.\" \/>\n<meta name=\"robots\" content=\"index, follow, max-snippet:-1, max-image-preview:large, max-video-preview:-1\" \/>\n<link rel=\"canonical\" href=\"https:\/\/www.weighingandinspection.eu\/fr\/industries\/textile-papier-et-carton\/\" \/>\n<meta property=\"og:locale\" content=\"fr_FR\" \/>\n<meta property=\"og:type\" content=\"article\" \/>\n<meta property=\"og:title\" content=\"Textile, papier et carton | Weighing &amp; Inspection\" \/>\n<meta property=\"og:description\" content=\"Pour d\u00e9tecter et d&#039;\u00e9liminer le m\u00e9tal ou d&#039;autres corps \u00e9trangers dans les produits non tiss\u00e9s, il n&#039;existe pas de syst\u00e8me unique pour tous.\" \/>\n<meta property=\"og:url\" content=\"https:\/\/www.weighingandinspection.eu\/fr\/industries\/textile-papier-et-carton\/\" \/>\n<meta property=\"og:site_name\" content=\"Weighing &amp; Inspection\" \/>\n<meta property=\"article:modified_time\" content=\"2022-09-27T10:14:32+00:00\" \/>\n<meta property=\"og:image\" content=\"https:\/\/weighingandinspection.eu\/files\/uploads\/2021\/08\/textiel-en-non-woven.jpg\" \/>\n\t<meta property=\"og:image:width\" content=\"2048\" \/>\n\t<meta property=\"og:image:height\" content=\"1365\" \/>\n\t<meta property=\"og:image:type\" content=\"image\/jpeg\" \/>\n<meta name=\"twitter:card\" content=\"summary_large_image\" \/>\n<script type=\"application\/ld+json\" class=\"yoast-schema-graph\">{\"@context\":\"https:\/\/schema.org\",\"@graph\":[{\"@type\":\"WebPage\",\"@id\":\"https:\/\/www.weighingandinspection.eu\/fr\/industries\/textile-papier-et-carton\/\",\"url\":\"https:\/\/www.weighingandinspection.eu\/fr\/industries\/textile-papier-et-carton\/\",\"name\":\"Textile, papier et carton | Weighing &amp; Inspection\",\"isPartOf\":{\"@id\":\"https:\/\/www.weighingandinspection.eu\/fr\/#website\"},\"primaryImageOfPage\":{\"@id\":\"https:\/\/www.weighingandinspection.eu\/fr\/industries\/textile-papier-et-carton\/#primaryimage\"},\"image\":{\"@id\":\"https:\/\/www.weighingandinspection.eu\/fr\/industries\/textile-papier-et-carton\/#primaryimage\"},\"thumbnailUrl\":\"https:\/\/www.weighingandinspection.eu\/files\/uploads\/2021\/08\/textiel-en-non-woven.jpg\",\"datePublished\":\"2021-08-12T14:19:14+00:00\",\"dateModified\":\"2022-09-27T10:14:32+00:00\",\"description\":\"Pour d\u00e9tecter et d'\u00e9liminer le m\u00e9tal ou d'autres corps \u00e9trangers dans les produits non tiss\u00e9s, il n'existe pas de syst\u00e8me unique pour tous.\",\"breadcrumb\":{\"@id\":\"https:\/\/www.weighingandinspection.eu\/fr\/industries\/textile-papier-et-carton\/#breadcrumb\"},\"inLanguage\":\"fr-FR\",\"potentialAction\":[{\"@type\":\"ReadAction\",\"target\":[\"https:\/\/www.weighingandinspection.eu\/fr\/industries\/textile-papier-et-carton\/\"]}]},{\"@type\":\"ImageObject\",\"inLanguage\":\"fr-FR\",\"@id\":\"https:\/\/www.weighingandinspection.eu\/fr\/industries\/textile-papier-et-carton\/#primaryimage\",\"url\":\"https:\/\/www.weighingandinspection.eu\/files\/uploads\/2021\/08\/textiel-en-non-woven.jpg\",\"contentUrl\":\"https:\/\/www.weighingandinspection.eu\/files\/uploads\/2021\/08\/textiel-en-non-woven.jpg\",\"width\":2048,\"height\":1365},{\"@type\":\"BreadcrumbList\",\"@id\":\"https:\/\/www.weighingandinspection.eu\/fr\/industries\/textile-papier-et-carton\/#breadcrumb\",\"itemListElement\":[{\"@type\":\"ListItem\",\"position\":1,\"name\":\"Home\",\"item\":\"https:\/\/www.weighingandinspection.eu\/fr\/\"},{\"@type\":\"ListItem\",\"position\":2,\"name\":\"Industries\",\"item\":\"https:\/\/www.weighingandinspection.eu\/fr\/industries\/\"},{\"@type\":\"ListItem\",\"position\":3,\"name\":\"Textile, papier et carton\"}]},{\"@type\":\"WebSite\",\"@id\":\"https:\/\/www.weighingandinspection.eu\/fr\/#website\",\"url\":\"https:\/\/www.weighingandinspection.eu\/fr\/\",\"name\":\"Weighing &amp; Inspection\",\"description\":\"\",\"publisher\":{\"@id\":\"https:\/\/www.weighingandinspection.eu\/fr\/#organization\"},\"potentialAction\":[{\"@type\":\"SearchAction\",\"target\":{\"@type\":\"EntryPoint\",\"urlTemplate\":\"https:\/\/www.weighingandinspection.eu\/fr\/?s={search_term_string}\"},\"query-input\":{\"@type\":\"PropertyValueSpecification\",\"valueRequired\":true,\"valueName\":\"search_term_string\"}}],\"inLanguage\":\"fr-FR\"},{\"@type\":\"Organization\",\"@id\":\"https:\/\/www.weighingandinspection.eu\/fr\/#organization\",\"name\":\"Weighing & Inspection\",\"url\":\"https:\/\/www.weighingandinspection.eu\/fr\/\",\"logo\":{\"@type\":\"ImageObject\",\"inLanguage\":\"fr-FR\",\"@id\":\"https:\/\/www.weighingandinspection.eu\/fr\/#\/schema\/logo\/image\/\",\"url\":\"https:\/\/www.weighingandinspection.eu\/files\/uploads\/2018\/10\/logo-weighing-inspection.png\",\"contentUrl\":\"https:\/\/www.weighingandinspection.eu\/files\/uploads\/2018\/10\/logo-weighing-inspection.png\",\"width\":900,\"height\":250,\"caption\":\"Weighing & Inspection\"},\"image\":{\"@id\":\"https:\/\/www.weighingandinspection.eu\/fr\/#\/schema\/logo\/image\/\"}}]}<\/script>\n<!-- \/ Yoast SEO plugin. -->","yoast_head_json":{"title":"Textile, papier et carton | Weighing &amp; Inspection","description":"Pour d\u00e9tecter et d'\u00e9liminer le m\u00e9tal ou d'autres corps \u00e9trangers dans les produits non tiss\u00e9s, il n'existe pas de syst\u00e8me unique pour tous.","robots":{"index":"index","follow":"follow","max-snippet":"max-snippet:-1","max-image-preview":"max-image-preview:large","max-video-preview":"max-video-preview:-1"},"canonical":"https:\/\/www.weighingandinspection.eu\/fr\/industries\/textile-papier-et-carton\/","og_locale":"fr_FR","og_type":"article","og_title":"Textile, papier et carton | Weighing &amp; Inspection","og_description":"Pour d\u00e9tecter et d'\u00e9liminer le m\u00e9tal ou d'autres corps \u00e9trangers dans les produits non tiss\u00e9s, il n'existe pas de syst\u00e8me unique pour tous.","og_url":"https:\/\/www.weighingandinspection.eu\/fr\/industries\/textile-papier-et-carton\/","og_site_name":"Weighing &amp; Inspection","article_modified_time":"2022-09-27T10:14:32+00:00","og_image":[{"width":2048,"height":1365,"url":"https:\/\/weighingandinspection.eu\/files\/uploads\/2021\/08\/textiel-en-non-woven.jpg","type":"image\/jpeg"}],"twitter_card":"summary_large_image","schema":{"@context":"https:\/\/schema.org","@graph":[{"@type":"WebPage","@id":"https:\/\/www.weighingandinspection.eu\/fr\/industries\/textile-papier-et-carton\/","url":"https:\/\/www.weighingandinspection.eu\/fr\/industries\/textile-papier-et-carton\/","name":"Textile, papier et carton | Weighing &amp; Inspection","isPartOf":{"@id":"https:\/\/www.weighingandinspection.eu\/fr\/#website"},"primaryImageOfPage":{"@id":"https:\/\/www.weighingandinspection.eu\/fr\/industries\/textile-papier-et-carton\/#primaryimage"},"image":{"@id":"https:\/\/www.weighingandinspection.eu\/fr\/industries\/textile-papier-et-carton\/#primaryimage"},"thumbnailUrl":"https:\/\/www.weighingandinspection.eu\/files\/uploads\/2021\/08\/textiel-en-non-woven.jpg","datePublished":"2021-08-12T14:19:14+00:00","dateModified":"2022-09-27T10:14:32+00:00","description":"Pour d\u00e9tecter et d'\u00e9liminer le m\u00e9tal ou d'autres corps \u00e9trangers dans les produits non tiss\u00e9s, il n'existe pas de syst\u00e8me unique pour tous.","breadcrumb":{"@id":"https:\/\/www.weighingandinspection.eu\/fr\/industries\/textile-papier-et-carton\/#breadcrumb"},"inLanguage":"fr-FR","potentialAction":[{"@type":"ReadAction","target":["https:\/\/www.weighingandinspection.eu\/fr\/industries\/textile-papier-et-carton\/"]}]},{"@type":"ImageObject","inLanguage":"fr-FR","@id":"https:\/\/www.weighingandinspection.eu\/fr\/industries\/textile-papier-et-carton\/#primaryimage","url":"https:\/\/www.weighingandinspection.eu\/files\/uploads\/2021\/08\/textiel-en-non-woven.jpg","contentUrl":"https:\/\/www.weighingandinspection.eu\/files\/uploads\/2021\/08\/textiel-en-non-woven.jpg","width":2048,"height":1365},{"@type":"BreadcrumbList","@id":"https:\/\/www.weighingandinspection.eu\/fr\/industries\/textile-papier-et-carton\/#breadcrumb","itemListElement":[{"@type":"ListItem","position":1,"name":"Home","item":"https:\/\/www.weighingandinspection.eu\/fr\/"},{"@type":"ListItem","position":2,"name":"Industries","item":"https:\/\/www.weighingandinspection.eu\/fr\/industries\/"},{"@type":"ListItem","position":3,"name":"Textile, papier et carton"}]},{"@type":"WebSite","@id":"https:\/\/www.weighingandinspection.eu\/fr\/#website","url":"https:\/\/www.weighingandinspection.eu\/fr\/","name":"Weighing &amp; Inspection","description":"","publisher":{"@id":"https:\/\/www.weighingandinspection.eu\/fr\/#organization"},"potentialAction":[{"@type":"SearchAction","target":{"@type":"EntryPoint","urlTemplate":"https:\/\/www.weighingandinspection.eu\/fr\/?s={search_term_string}"},"query-input":{"@type":"PropertyValueSpecification","valueRequired":true,"valueName":"search_term_string"}}],"inLanguage":"fr-FR"},{"@type":"Organization","@id":"https:\/\/www.weighingandinspection.eu\/fr\/#organization","name":"Weighing & Inspection","url":"https:\/\/www.weighingandinspection.eu\/fr\/","logo":{"@type":"ImageObject","inLanguage":"fr-FR","@id":"https:\/\/www.weighingandinspection.eu\/fr\/#\/schema\/logo\/image\/","url":"https:\/\/www.weighingandinspection.eu\/files\/uploads\/2018\/10\/logo-weighing-inspection.png","contentUrl":"https:\/\/www.weighingandinspection.eu\/files\/uploads\/2018\/10\/logo-weighing-inspection.png","width":900,"height":250,"caption":"Weighing & Inspection"},"image":{"@id":"https:\/\/www.weighingandinspection.eu\/fr\/#\/schema\/logo\/image\/"}}]}},"_links":{"self":[{"href":"https:\/\/www.weighingandinspection.eu\/fr\/wp-json\/wp\/v2\/pages\/2231","targetHints":{"allow":["GET"]}}],"collection":[{"href":"https:\/\/www.weighingandinspection.eu\/fr\/wp-json\/wp\/v2\/pages"}],"about":[{"href":"https:\/\/www.weighingandinspection.eu\/fr\/wp-json\/wp\/v2\/types\/page"}],"author":[{"embeddable":true,"href":"https:\/\/www.weighingandinspection.eu\/fr\/wp-json\/wp\/v2\/users\/3"}],"replies":[{"embeddable":true,"href":"https:\/\/www.weighingandinspection.eu\/fr\/wp-json\/wp\/v2\/comments?post=2231"}],"version-history":[{"count":8,"href":"https:\/\/www.weighingandinspection.eu\/fr\/wp-json\/wp\/v2\/pages\/2231\/revisions"}],"predecessor-version":[{"id":6274,"href":"https:\/\/www.weighingandinspection.eu\/fr\/wp-json\/wp\/v2\/pages\/2231\/revisions\/6274"}],"up":[{"embeddable":true,"href":"https:\/\/www.weighingandinspection.eu\/fr\/wp-json\/wp\/v2\/pages\/2210"}],"wp:featuredmedia":[{"embeddable":true,"href":"https:\/\/www.weighingandinspection.eu\/fr\/wp-json\/wp\/v2\/media\/2006"}],"wp:attachment":[{"href":"https:\/\/www.weighingandinspection.eu\/fr\/wp-json\/wp\/v2\/media?parent=2231"}],"curies":[{"name":"wp","href":"https:\/\/api.w.org\/{rel}","templated":true}]}}