{"id":2229,"date":"2021-08-12T16:18:13","date_gmt":"2021-08-12T14:18:13","guid":{"rendered":"https:\/\/www.weighingandinspection.eu\/inspection-de-produits\/secteurs\/chemie-en-kunststof\/"},"modified":"2022-09-27T12:14:08","modified_gmt":"2022-09-27T10:14:08","slug":"produits-chimiques","status":"publish","type":"page","link":"https:\/\/www.weighingandinspection.eu\/fr\/industries\/produits-chimiques\/","title":{"rendered":"Produits chimiques"},"content":{"rendered":"<p>[vc_row el_class=\u00a0\u00bbpy-4&Prime;][vc_column][vc_column_text el_class=\u00a0\u00bblead m-0&Prime;]<\/p>\n<p style=\"text-align: center;\">Dans l&rsquo;industrie chimique, les exigences en mati\u00e8re de qualit\u00e9 des produits, des mati\u00e8res premi\u00e8res et des processus sont tr\u00e8s \u00e9lev\u00e9es. Les normes les plus strictes doivent donc \u00eatre respect\u00e9es en mati\u00e8re de qualit\u00e9, de pr\u00e9cision et de rapidit\u00e9.<\/p>\n<p>[\/vc_column_text][\/vc_column][\/vc_row][vc_row full_width=\u00a0\u00bbstretch_row_content\u00a0\u00bb equal_height=\u00a0\u00bbyes\u00a0\u00bb content_placement=\u00a0\u00bbmiddle\u00a0\u00bb el_class=\u00a0\u00bbbg-primary\u00a0\u00bb][vc_column width=\u00a0\u00bb1\/3&Prime; css=\u00a0\u00bb.vc_custom_1663845079110{background-image: url(https:\/\/www.weighingandinspection.eu\/files\/uploads\/2022\/09\/vjdbqhcb.bmp?id=6161) !important;background-position: center !important;background-repeat: no-repeat !important;background-size: cover !important;}\u00a0\u00bb][vc_empty_space height=\u00a0\u00bb250px\u00a0\u00bb][\/vc_column][vc_column width=\u00a0\u00bb2\/3&Prime; el_class=\u00a0\u00bbpy-4 px-2 text-white\u00a0\u00bb][vc_column_text el_class=\u00a0\u00bblead m-0&Prime;]La supervision et le contr\u00f4le des processus sont n\u00e9cessaires \u00e0 toutes les \u00e9tapes du traitement chimique, des mati\u00e8res premi\u00e8res au produit final en passant par le mixage. La mesure en ligne de l&rsquo;humidit\u00e9 par NIR (proche infrarouge), le dosage, le pesage statique et dynamique sont largement utilis\u00e9s dans la manipulation des mati\u00e8res premi\u00e8res. Vous obtenez ainsi un contr\u00f4le de la qualit\u00e9 et une surveillance du processus gr\u00e2ce \u00e0 des mesures instantan\u00e9es et sans contact.[\/vc_column_text][\/vc_column][\/vc_row][vc_row full_width=\u00a0\u00bbstretch_row_content\u00a0\u00bb equal_height=\u00a0\u00bbyes\u00a0\u00bb content_placement=\u00a0\u00bbmiddle\u00a0\u00bb el_class=\u00a0\u00bbbg-primary\u00a0\u00bb][vc_column width=\u00a0\u00bb1\/2&Prime; el_class=\u00a0\u00bbpy-4 px-2 text-white\u00a0\u00bb][vc_custom_heading text=\u00a0\u00bbMesure en ligne de l&rsquo;humidit\u00e9 dans l&rsquo;industrie chimique\u00a0\u00bb font_container=\u00a0\u00bbtag:div|font_size:36px|text_align:left|line_height:40px\u00a0\u00bb use_theme_fonts=\u00a0\u00bbyes\u00a0\u00bb el_class=\u00a0\u00bbpy-4 px-2 text-white\u00a0\u00bb][vc_column_text el_class=\u00a0\u00bbm-0&Prime;]\u00c0 l&rsquo;aide de nos partenaires industriels et gr\u00e2ce \u00e0 nos 40 ans de exp\u00e9rience, MoistTech a r\u00e9alis\u00e9 des milliers d&rsquo;installations dans le secteur de la chimie partout dans le monde. Nous proposons \u00e0 la fois des mesures des taux d&rsquo;humidit\u00e9 en continu fait en ligne avec la technologie NIR et de plus des tests ponctuels fait en laboratoire \u00e0 l&rsquo;aide de nos capteurs d&rsquo;humidit\u00e9 NIR.<\/p>\n<p>Pendant le m\u00e9lange et le mixage, les transformateurs ajustent constamment l&rsquo;humidit\u00e9 pour maintenir la qualit\u00e9 de leur produit. De petites variations ou un exc\u00e8s d&rsquo;humidit\u00e9 dans les m\u00e9langes peuvent entra\u00eener la formation de grumeaux, ce qui affecte la qualit\u00e9 et l&rsquo;homog\u00e9n\u00e9it\u00e9. Pendant le s\u00e9chage et la granulation, les mesures d&rsquo;humidit\u00e9 jouent un r\u00f4le crucial dans la production de produits chimiques. Les mesures effectu\u00e9es au cours du processus garantissent l&rsquo;optimisation et emp\u00eachent le surs\u00e9chage, qui peut conduire \u00e0 un produit non conforme aux sp\u00e9cifications et entra\u00eener la d\u00e9gradation du produit.[\/vc_column_text][\/vc_column][vc_column width=\u00a0\u00bb1\/2&Prime; css=\u00a0\u00bb.vc_custom_1663844951986{background-image: url(https:\/\/www.weighingandinspection.eu\/files\/uploads\/2022\/09\/Chemical-industry.jpeg?id=6229) !important;background-position: center !important;background-repeat: no-repeat !important;background-size: cover !important;}\u00a0\u00bb][vc_empty_space height=\u00a0\u00bb250px\u00a0\u00bb][\/vc_column][\/vc_row][vc_row full_width=\u00a0\u00bbstretch_row_content\u00a0\u00bb equal_height=\u00a0\u00bbyes\u00a0\u00bb content_placement=\u00a0\u00bbmiddle\u00a0\u00bb][vc_column width=\u00a0\u00bb1\/3&Prime; css=\u00a0\u00bb.vc_custom_1630328197033{background-image: url(https:\/\/www.weighingandinspection.eu\/files\/uploads\/2021\/07\/14T3-1.jpg?id=1526) !important;background-position: center !important;background-repeat: no-repeat !important;background-size: cover !important;}\u00a0\u00bb][vc_empty_space height=\u00a0\u00bb250px\u00a0\u00bb][\/vc_column][vc_column width=\u00a0\u00bb2\/3&Prime; el_class=\u00a0\u00bbpy-4&Prime;][vc_column_text]La mesure de l&rsquo;humidit\u00e9 est souvent un param\u00e8tre tr\u00e8s important pour le contr\u00f4le de votre processus. Notre mesure d&rsquo;humidit\u00e9 en ligne MoistTech est une solution de pointe, bas\u00e9e sur une mesure NIR en ligne et sans contact, et constitue dans presque toutes les circonstances un excellent moyen de lecture afin d&rsquo;obtenir une bonne mesure d&rsquo;humidit\u00e9.<\/p>\n<p>Notre gamme de produits, adapt\u00e9e \u00e0 l&rsquo;industrie chimique, comprend \u00e9galement une gamme compl\u00e8te de pesage dynamique comme les peseuses \u00e0 bande de la marque bien connue RAMSEY\u2122 et nos peseuses \u00e0 bande de notre marque maison WIBE, utilisables pour toutes les capacit\u00e9s, largeurs de bande et produits. Nos peseuses \u00e0 bande sont \u00e9galement disponibles en versions calibr\u00e9es, adapt\u00e9es aux classes 2, 1 et m\u00eame \u00e0 la classe de pr\u00e9cision 0,5 la plus \u00e9lev\u00e9e.[\/vc_column_text][\/vc_column][\/vc_row][vc_row full_width=\u00a0\u00bbstretch_row_content\u00a0\u00bb equal_height=\u00a0\u00bbyes\u00a0\u00bb content_placement=\u00a0\u00bbmiddle\u00a0\u00bb][vc_column width=\u00a0\u00bb2\/3&Prime; css=\u00a0\u00bb.vc_custom_1663331043556{background-position: center !important;background-repeat: no-repeat !important;background-size: cover !important;}\u00a0\u00bb][vc_column_text]Comme alternative \u00e0 nos peseuses \u00e0 bande, les peseuses \u00e0 vis RAMSEY sont \u00e9galement disponibles, soit avec une vis int\u00e9grale, soit en mettant \u00e0 jour une vis existante pour un pesage complet.<\/p>\n<p>Nos d\u00e9bitm\u00e8tres DynaFlow, bas\u00e9s sur la mesure centrip\u00e8te, sont \u00e9galement souvent utilis\u00e9s dans l&rsquo;industrie chimique. Le pesage de toutes sortes de poudres, granul\u00e9s et autres produits \u00e0 haut d\u00e9bit se pr\u00eate parfaitement \u00e0 l&rsquo;application de notre DynaFlow.<\/p>\n<p>Comme alternative aux peseuses \u00e0 bande, aux peseuses \u00e0 vis et aux d\u00e9bitm\u00e8tres de solides, nous utilisons \u00e9galement des peseuses \u00e0 flux continu. L&rsquo;avantage d&rsquo;une peseuse \u00e0 flux continu est de garantir une pr\u00e9cision (calibr\u00e9e) et une fiabilit\u00e9 tr\u00e8s \u00e9lev\u00e9es. En outre, notre peseuse \u00e0 flux continu a un design tr\u00e8s compact qui lui permet d&rsquo;\u00eatre utilis\u00e9e dans de nombreux processus diff\u00e9rents. Nos peseuses de la marque allemande FD WAAGENBAU offrent le plus haut niveau de finition et peuvent \u00eatre construites enti\u00e8rement sur mesure si une solution standard n&rsquo;est pas applicable.[\/vc_column_text][\/vc_column][vc_column width=\u00a0\u00bb1\/3&Prime; css=\u00a0\u00bb.vc_custom_1663331329779{background-image: url(https:\/\/www.weighingandinspection.eu\/files\/uploads\/2022\/09\/Weegband-Chemie.jpg?id=6110) !important;background-position: center !important;background-repeat: no-repeat !important;background-size: cover !important;}\u00a0\u00bb][vc_empty_space height=\u00a0\u00bb250px\u00a0\u00bb][\/vc_column][\/vc_row][vc_row full_width=\u00a0\u00bbstretch_row_content\u00a0\u00bb equal_height=\u00a0\u00bbyes\u00a0\u00bb content_placement=\u00a0\u00bbmiddle\u00a0\u00bb][vc_column width=\u00a0\u00bb1\/3&Prime; css=\u00a0\u00bb.vc_custom_1663844894242{background-image: url(https:\/\/www.weighingandinspection.eu\/files\/uploads\/2022\/09\/yfvdx5vy.bmp?id=6311) !important;background-position: center !important;background-repeat: no-repeat !important;background-size: cover !important;}\u00a0\u00bb][vc_empty_space height=\u00a0\u00bb250px\u00a0\u00bb][\/vc_column][vc_column width=\u00a0\u00bb2\/3&Prime; el_class=\u00a0\u00bbpy-4&Prime;][vc_column_text]Le dosage de toutes sortes de mati\u00e8res premi\u00e8res et d&rsquo;agr\u00e9gats fait \u00e9galement partie de nos comp\u00e9tences. Cela inclut le dosage par perte de poids (LIW) via des vis ou des alimentateurs vibrants, tant pour le dosage fin que grossier, de plus les bandes de pesage et de dosage pour toutes les tailles, standard ou sur mesure, et le dosage par lots.<\/p>\n<p>Une tr\u00e8s large gamme de pesage statique est \u00e9galement disponible, allant de simples capteurs de pesage avec ou sans modules int\u00e9gr\u00e9s, en passant par une tr\u00e8s large gamme de balances de sol et de table jusqu&rsquo;\u00e0 des solutions compl\u00e8tes de pesage de silos. Nos solutions de pesage statique sont disponibles avec des capacit\u00e9s allant jusqu&rsquo;\u00e0 plusieurs centaines de tonnes.<\/p>\n<p>Nous appliquons fr\u00e9quemment la d\u00e9tection de m\u00e9taux CASSEL ici aussi. Comme outil de contr\u00f4le dans le processus de production, et aussi pour garantir la puret\u00e9 des produits. Les d\u00e9tecteurs de m\u00e9taux CASSEL sont applicables \u00e0 presque tous les types de poudre, de granul\u00e9s, etc., dans de petites ouvertures comme dans des ouvertures de 2 m et plus. Nos d\u00e9tecteurs de m\u00e9taux vous garantissent un produit final exempt de m\u00e9taux, en d\u00e9tectant les contaminations ferreuses, non ferreuses et en acier inoxydable.[\/vc_column_text][\/vc_column][\/vc_row][vc_row full_width=\u00a0\u00bbstretch_row_content\u00a0\u00bb equal_height=\u00a0\u00bbyes\u00a0\u00bb content_placement=\u00a0\u00bbmiddle\u00a0\u00bb][vc_column width=\u00a0\u00bb2\/3&Prime; css=\u00a0\u00bb.vc_custom_1663843909876{background-position: center !important;background-repeat: no-repeat !important;background-size: cover !important;}\u00a0\u00bb][vc_column_text]Si votre processus implique \u00e9galement l&#8217;emballage, notre gamme de trieuses pond\u00e9rales peut vous int\u00e9resser. Nos trieuses pond\u00e9rales de la marque PRISMA allient un haut niveau de finition \u00e0 des r\u00e9sultats de pes\u00e9e fiables. Nos trieuses pond\u00e9rales PRISMA sont disponibles de la plus petite \u00e0 la plus grande, de la plus lente \u00e0 la plus rapide, des tr\u00e8s petits poids aux peseuses de caisses et de sacs de 25 ou 50 kg. Il existe dans notre gamme une trieuse pond\u00e9rale pour chaque industrie et pour presque toutes les applications.<\/p>\n<p>Il est tout aussi important de suivre les tonnages trait\u00e9s par vos chargeurs sur roues afin d&rsquo;\u00e9viter les surcharges, de d\u00e9terminer l&rsquo;utilisation efficace des machines ou de surveiller la consommation globale de marchandises. Nos syst\u00e8mes de pesage de chargeuses sur pneus LOADRITE\u00ae fournissent non seulement des r\u00e9sultats de pesage fiables, mais permettent \u00e9galement, si n\u00e9cessaire, de surveiller parfaitement vos chargeuses sur pneus \u00e0 distance via notre plateforme bas\u00e9e sur le cloud et de garantir une transparence totale. Un bon pesage des chargeurs sur roues assure un meilleur contr\u00f4le du processus.[\/vc_column_text][\/vc_column][vc_column width=\u00a0\u00bb1\/3&Prime; el_class=\u00a0\u00bbpy-4&Prime; css=\u00a0\u00bb.vc_custom_1663844858874{background-image: url(https:\/\/www.weighingandinspection.eu\/files\/uploads\/2022\/09\/rwv7adxq.bmp?id=6299) !important;background-position: center !important;background-repeat: no-repeat !important;background-size: cover !important;}\u00a0\u00bb][vc_empty_space height=\u00a0\u00bb250px\u00a0\u00bb][\/vc_column][\/vc_row][vc_row el_class=\u00a0\u00bbpt-6&Prime;][vc_column][vc_custom_heading text=\u00a0\u00bbVerwante producten\u00a0\u00bb font_container=\u00a0\u00bbtag:div|font_size:36px|text_align:center|line_height:40px\u00a0\u00bb use_theme_fonts=\u00a0\u00bbyes\u00a0\u00bb el_class=\u00a0\u00bbtext-primary mb-2 h1 text-uppercase\u00a0\u00bb][\/vc_column][\/vc_row][vc_row][vc_column][vc_basic_grid post_type=\u00a0\u00bbproduct\u00a0\u00bb max_items=\u00a0\u00bb-1&Prime; style=\u00a0\u00bbpagination\u00a0\u00bb items_per_page=\u00a0\u00bb3&Prime; orderby=\u00a0\u00bbtitle\u00a0\u00bb arrows_design=\u00a0\u00bbvc_arrow-icon-arrow_01_left\u00a0\u00bb arrows_position=\u00a0\u00bboutside\u00a0\u00bb arrows_color=\u00a0\u00bbblack\u00a0\u00bb paging_design=\u00a0\u00bbnone\u00a0\u00bb loop=\u00a0\u00bbyes\u00a0\u00bb item=\u00a0\u00bb923&Prime; grid_id=\u00a0\u00bbvc_gid:1663845092769-85317568-82ee-4&Prime; taxonomies=\u00a0\u00bb1279&Prime;][\/vc_column][\/vc_row]<\/p>\n","protected":false},"excerpt":{"rendered":"<p>[vc_row el_class=\u00a0\u00bbpy-4&Prime;][vc_column][vc_column_text el_class=\u00a0\u00bblead m-0&Prime;] Dans l&rsquo;industrie chimique, les exigences en mati\u00e8re de qualit\u00e9 des produits, des mati\u00e8res premi\u00e8res et des processus sont tr\u00e8s \u00e9lev\u00e9es. Les normes les plus strictes doivent donc \u00eatre respect\u00e9es en mati\u00e8re de qualit\u00e9, de pr\u00e9cision et de rapidit\u00e9. [\/vc_column_text][\/vc_column][\/vc_row][vc_row full_width=\u00a0\u00bbstretch_row_content\u00a0\u00bb equal_height=\u00a0\u00bbyes\u00a0\u00bb content_placement=\u00a0\u00bbmiddle\u00a0\u00bb el_class=\u00a0\u00bbbg-primary\u00a0\u00bb][vc_column width=\u00a0\u00bb1\/3&Prime; css=\u00a0\u00bb.vc_custom_1663845079110{background-image: url(https:\/\/www.weighingandinspection.eu\/files\/uploads\/2022\/09\/vjdbqhcb.bmp?id=6161) !important;background-position: center !important;background-repeat: no-repeat !important;background-size: [&hellip;]<\/p>\n","protected":false},"author":3,"featured_media":6336,"parent":2210,"menu_order":2,"comment_status":"closed","ping_status":"closed","template":"","meta":{"_acf_changed":false,"footnotes":""},"class_list":["post-2229","page","type-page","status-publish","has-post-thumbnail","hentry"],"acf":[],"yoast_head":"<!-- This site is optimized with the Yoast SEO plugin v26.4 - https:\/\/yoast.com\/wordpress\/plugins\/seo\/ -->\n<title>Produits chimiques | Weighing &amp; Inspection<\/title>\n<meta name=\"description\" content=\"Weighing &amp; Inspection offre une gamme compl\u00e8te de solutions de contr\u00f4le des produits pour les industries chimiques et plastiques.\" \/>\n<meta name=\"robots\" content=\"index, follow, max-snippet:-1, max-image-preview:large, max-video-preview:-1\" \/>\n<link rel=\"canonical\" href=\"https:\/\/www.weighingandinspection.eu\/fr\/industries\/produits-chimiques\/\" \/>\n<meta property=\"og:locale\" content=\"fr_FR\" \/>\n<meta property=\"og:type\" content=\"article\" \/>\n<meta property=\"og:title\" content=\"Produits chimiques | Weighing &amp; Inspection\" \/>\n<meta property=\"og:description\" content=\"Weighing &amp; Inspection offre une gamme compl\u00e8te de solutions de contr\u00f4le des produits pour les industries chimiques et plastiques.\" \/>\n<meta property=\"og:url\" content=\"https:\/\/www.weighingandinspection.eu\/fr\/industries\/produits-chimiques\/\" \/>\n<meta property=\"og:site_name\" content=\"Weighing &amp; Inspection\" \/>\n<meta property=\"article:modified_time\" content=\"2022-09-27T10:14:08+00:00\" \/>\n<meta property=\"og:image\" content=\"https:\/\/weighingandinspection.eu\/files\/uploads\/2022\/09\/Chemical-industry-1.jpeg\" \/>\n\t<meta property=\"og:image:width\" content=\"2664\" \/>\n\t<meta property=\"og:image:height\" content=\"957\" \/>\n\t<meta property=\"og:image:type\" content=\"image\/jpeg\" \/>\n<meta name=\"twitter:card\" content=\"summary_large_image\" \/>\n<script type=\"application\/ld+json\" class=\"yoast-schema-graph\">{\"@context\":\"https:\/\/schema.org\",\"@graph\":[{\"@type\":\"WebPage\",\"@id\":\"https:\/\/www.weighingandinspection.eu\/fr\/industries\/produits-chimiques\/\",\"url\":\"https:\/\/www.weighingandinspection.eu\/fr\/industries\/produits-chimiques\/\",\"name\":\"Produits chimiques | Weighing &amp; Inspection\",\"isPartOf\":{\"@id\":\"https:\/\/www.weighingandinspection.eu\/fr\/#website\"},\"primaryImageOfPage\":{\"@id\":\"https:\/\/www.weighingandinspection.eu\/fr\/industries\/produits-chimiques\/#primaryimage\"},\"image\":{\"@id\":\"https:\/\/www.weighingandinspection.eu\/fr\/industries\/produits-chimiques\/#primaryimage\"},\"thumbnailUrl\":\"https:\/\/www.weighingandinspection.eu\/files\/uploads\/2022\/09\/Chemical-industry-1.jpeg\",\"datePublished\":\"2021-08-12T14:18:13+00:00\",\"dateModified\":\"2022-09-27T10:14:08+00:00\",\"description\":\"Weighing & Inspection offre une gamme compl\u00e8te de solutions de contr\u00f4le des produits pour les industries chimiques et plastiques.\",\"breadcrumb\":{\"@id\":\"https:\/\/www.weighingandinspection.eu\/fr\/industries\/produits-chimiques\/#breadcrumb\"},\"inLanguage\":\"fr-FR\",\"potentialAction\":[{\"@type\":\"ReadAction\",\"target\":[\"https:\/\/www.weighingandinspection.eu\/fr\/industries\/produits-chimiques\/\"]}]},{\"@type\":\"ImageObject\",\"inLanguage\":\"fr-FR\",\"@id\":\"https:\/\/www.weighingandinspection.eu\/fr\/industries\/produits-chimiques\/#primaryimage\",\"url\":\"https:\/\/www.weighingandinspection.eu\/files\/uploads\/2022\/09\/Chemical-industry-1.jpeg\",\"contentUrl\":\"https:\/\/www.weighingandinspection.eu\/files\/uploads\/2022\/09\/Chemical-industry-1.jpeg\",\"width\":2664,\"height\":957,\"caption\":\"Pharmaceutical technician in sterile environment at pharmacy industry\"},{\"@type\":\"BreadcrumbList\",\"@id\":\"https:\/\/www.weighingandinspection.eu\/fr\/industries\/produits-chimiques\/#breadcrumb\",\"itemListElement\":[{\"@type\":\"ListItem\",\"position\":1,\"name\":\"Home\",\"item\":\"https:\/\/www.weighingandinspection.eu\/fr\/\"},{\"@type\":\"ListItem\",\"position\":2,\"name\":\"Industries\",\"item\":\"https:\/\/www.weighingandinspection.eu\/fr\/industries\/\"},{\"@type\":\"ListItem\",\"position\":3,\"name\":\"Produits chimiques\"}]},{\"@type\":\"WebSite\",\"@id\":\"https:\/\/www.weighingandinspection.eu\/fr\/#website\",\"url\":\"https:\/\/www.weighingandinspection.eu\/fr\/\",\"name\":\"Weighing &amp; Inspection\",\"description\":\"\",\"publisher\":{\"@id\":\"https:\/\/www.weighingandinspection.eu\/fr\/#organization\"},\"potentialAction\":[{\"@type\":\"SearchAction\",\"target\":{\"@type\":\"EntryPoint\",\"urlTemplate\":\"https:\/\/www.weighingandinspection.eu\/fr\/?s={search_term_string}\"},\"query-input\":{\"@type\":\"PropertyValueSpecification\",\"valueRequired\":true,\"valueName\":\"search_term_string\"}}],\"inLanguage\":\"fr-FR\"},{\"@type\":\"Organization\",\"@id\":\"https:\/\/www.weighingandinspection.eu\/fr\/#organization\",\"name\":\"Weighing & Inspection\",\"url\":\"https:\/\/www.weighingandinspection.eu\/fr\/\",\"logo\":{\"@type\":\"ImageObject\",\"inLanguage\":\"fr-FR\",\"@id\":\"https:\/\/www.weighingandinspection.eu\/fr\/#\/schema\/logo\/image\/\",\"url\":\"https:\/\/www.weighingandinspection.eu\/files\/uploads\/2018\/10\/logo-weighing-inspection.png\",\"contentUrl\":\"https:\/\/www.weighingandinspection.eu\/files\/uploads\/2018\/10\/logo-weighing-inspection.png\",\"width\":900,\"height\":250,\"caption\":\"Weighing & Inspection\"},\"image\":{\"@id\":\"https:\/\/www.weighingandinspection.eu\/fr\/#\/schema\/logo\/image\/\"}}]}<\/script>\n<!-- \/ Yoast SEO plugin. -->","yoast_head_json":{"title":"Produits chimiques | Weighing &amp; Inspection","description":"Weighing & Inspection offre une gamme compl\u00e8te de solutions de contr\u00f4le des produits pour les industries chimiques et plastiques.","robots":{"index":"index","follow":"follow","max-snippet":"max-snippet:-1","max-image-preview":"max-image-preview:large","max-video-preview":"max-video-preview:-1"},"canonical":"https:\/\/www.weighingandinspection.eu\/fr\/industries\/produits-chimiques\/","og_locale":"fr_FR","og_type":"article","og_title":"Produits chimiques | Weighing &amp; Inspection","og_description":"Weighing & Inspection offre une gamme compl\u00e8te de solutions de contr\u00f4le des produits pour les industries chimiques et plastiques.","og_url":"https:\/\/www.weighingandinspection.eu\/fr\/industries\/produits-chimiques\/","og_site_name":"Weighing &amp; Inspection","article_modified_time":"2022-09-27T10:14:08+00:00","og_image":[{"width":2664,"height":957,"url":"https:\/\/weighingandinspection.eu\/files\/uploads\/2022\/09\/Chemical-industry-1.jpeg","type":"image\/jpeg"}],"twitter_card":"summary_large_image","schema":{"@context":"https:\/\/schema.org","@graph":[{"@type":"WebPage","@id":"https:\/\/www.weighingandinspection.eu\/fr\/industries\/produits-chimiques\/","url":"https:\/\/www.weighingandinspection.eu\/fr\/industries\/produits-chimiques\/","name":"Produits chimiques | Weighing &amp; Inspection","isPartOf":{"@id":"https:\/\/www.weighingandinspection.eu\/fr\/#website"},"primaryImageOfPage":{"@id":"https:\/\/www.weighingandinspection.eu\/fr\/industries\/produits-chimiques\/#primaryimage"},"image":{"@id":"https:\/\/www.weighingandinspection.eu\/fr\/industries\/produits-chimiques\/#primaryimage"},"thumbnailUrl":"https:\/\/www.weighingandinspection.eu\/files\/uploads\/2022\/09\/Chemical-industry-1.jpeg","datePublished":"2021-08-12T14:18:13+00:00","dateModified":"2022-09-27T10:14:08+00:00","description":"Weighing & Inspection offre une gamme compl\u00e8te de solutions de contr\u00f4le des produits pour les industries chimiques et plastiques.","breadcrumb":{"@id":"https:\/\/www.weighingandinspection.eu\/fr\/industries\/produits-chimiques\/#breadcrumb"},"inLanguage":"fr-FR","potentialAction":[{"@type":"ReadAction","target":["https:\/\/www.weighingandinspection.eu\/fr\/industries\/produits-chimiques\/"]}]},{"@type":"ImageObject","inLanguage":"fr-FR","@id":"https:\/\/www.weighingandinspection.eu\/fr\/industries\/produits-chimiques\/#primaryimage","url":"https:\/\/www.weighingandinspection.eu\/files\/uploads\/2022\/09\/Chemical-industry-1.jpeg","contentUrl":"https:\/\/www.weighingandinspection.eu\/files\/uploads\/2022\/09\/Chemical-industry-1.jpeg","width":2664,"height":957,"caption":"Pharmaceutical technician in sterile environment at pharmacy industry"},{"@type":"BreadcrumbList","@id":"https:\/\/www.weighingandinspection.eu\/fr\/industries\/produits-chimiques\/#breadcrumb","itemListElement":[{"@type":"ListItem","position":1,"name":"Home","item":"https:\/\/www.weighingandinspection.eu\/fr\/"},{"@type":"ListItem","position":2,"name":"Industries","item":"https:\/\/www.weighingandinspection.eu\/fr\/industries\/"},{"@type":"ListItem","position":3,"name":"Produits chimiques"}]},{"@type":"WebSite","@id":"https:\/\/www.weighingandinspection.eu\/fr\/#website","url":"https:\/\/www.weighingandinspection.eu\/fr\/","name":"Weighing &amp; Inspection","description":"","publisher":{"@id":"https:\/\/www.weighingandinspection.eu\/fr\/#organization"},"potentialAction":[{"@type":"SearchAction","target":{"@type":"EntryPoint","urlTemplate":"https:\/\/www.weighingandinspection.eu\/fr\/?s={search_term_string}"},"query-input":{"@type":"PropertyValueSpecification","valueRequired":true,"valueName":"search_term_string"}}],"inLanguage":"fr-FR"},{"@type":"Organization","@id":"https:\/\/www.weighingandinspection.eu\/fr\/#organization","name":"Weighing & Inspection","url":"https:\/\/www.weighingandinspection.eu\/fr\/","logo":{"@type":"ImageObject","inLanguage":"fr-FR","@id":"https:\/\/www.weighingandinspection.eu\/fr\/#\/schema\/logo\/image\/","url":"https:\/\/www.weighingandinspection.eu\/files\/uploads\/2018\/10\/logo-weighing-inspection.png","contentUrl":"https:\/\/www.weighingandinspection.eu\/files\/uploads\/2018\/10\/logo-weighing-inspection.png","width":900,"height":250,"caption":"Weighing & Inspection"},"image":{"@id":"https:\/\/www.weighingandinspection.eu\/fr\/#\/schema\/logo\/image\/"}}]}},"_links":{"self":[{"href":"https:\/\/www.weighingandinspection.eu\/fr\/wp-json\/wp\/v2\/pages\/2229","targetHints":{"allow":["GET"]}}],"collection":[{"href":"https:\/\/www.weighingandinspection.eu\/fr\/wp-json\/wp\/v2\/pages"}],"about":[{"href":"https:\/\/www.weighingandinspection.eu\/fr\/wp-json\/wp\/v2\/types\/page"}],"author":[{"embeddable":true,"href":"https:\/\/www.weighingandinspection.eu\/fr\/wp-json\/wp\/v2\/users\/3"}],"replies":[{"embeddable":true,"href":"https:\/\/www.weighingandinspection.eu\/fr\/wp-json\/wp\/v2\/comments?post=2229"}],"version-history":[{"count":15,"href":"https:\/\/www.weighingandinspection.eu\/fr\/wp-json\/wp\/v2\/pages\/2229\/revisions"}],"predecessor-version":[{"id":6320,"href":"https:\/\/www.weighingandinspection.eu\/fr\/wp-json\/wp\/v2\/pages\/2229\/revisions\/6320"}],"up":[{"embeddable":true,"href":"https:\/\/www.weighingandinspection.eu\/fr\/wp-json\/wp\/v2\/pages\/2210"}],"wp:featuredmedia":[{"embeddable":true,"href":"https:\/\/www.weighingandinspection.eu\/fr\/wp-json\/wp\/v2\/media\/6336"}],"wp:attachment":[{"href":"https:\/\/www.weighingandinspection.eu\/fr\/wp-json\/wp\/v2\/media?parent=2229"}],"curies":[{"name":"wp","href":"https:\/\/api.w.org\/{rel}","templated":true}]}}