{"id":2201,"date":"2021-07-14T12:52:40","date_gmt":"2021-07-14T10:52:40","guid":{"rendered":"https:\/\/www.weighingandinspection.eu\/productinspectie\/"},"modified":"2022-10-03T15:49:21","modified_gmt":"2022-10-03T13:49:21","slug":"inspection-de-produits","status":"publish","type":"page","link":"https:\/\/www.weighingandinspection.eu\/fr\/inspection-de-produits\/","title":{"rendered":"Inspection des produits"},"content":{"rendered":"<p>[vc_row full_width=\u00a0\u00bbstretch_row_content_no_spaces\u00a0\u00bb el_class=\u00a0\u00bbpt-4&Prime;][vc_column][vc_row_inner el_class=\u00a0\u00bbpage-list\u00a0\u00bb][vc_column_inner width=\u00a0\u00bb1\/5&Prime; offset=\u00a0\u00bbvc_col-xs-12&Prime;][vc_single_image image=\u00a0\u00bb2012&Prime; img_size=\u00a0\u00bb800&#215;800&Prime; onclick=\u00a0\u00bbcustom_link\u00a0\u00bb title=\u00a0\u00bbTrieuses pond\u00e9rales\u00a0\u00bb link=\u00a0\u00bb\/fr\/product-category\/inspection-de-produits\/trieuses-ponderales\/\u00a0\u00bb el_class=\u00a0\u00bbm-0&Prime;][\/vc_column_inner][vc_column_inner width=\u00a0\u00bb1\/5&Prime; offset=\u00a0\u00bbvc_col-xs-12&Prime;][vc_single_image image=\u00a0\u00bb1915&Prime; img_size=\u00a0\u00bb800&#215;800&Prime; onclick=\u00a0\u00bbcustom_link\u00a0\u00bb title=\u00a0\u00bbD\u00e9tection de m\u00e9taux\u00a0\u00bb link=\u00a0\u00bb\/fr\/product-category\/inspection-des-produits\/detection-de-metaux\/\u00a0\u00bb el_class=\u00a0\u00bbm-0&Prime;][\/vc_column_inner][vc_column_inner width=\u00a0\u00bb1\/5&Prime; offset=\u00a0\u00bbvc_col-xs-12&Prime;][vc_single_image image=\u00a0\u00bb1918&Prime; img_size=\u00a0\u00bb800&#215;800&Prime; onclick=\u00a0\u00bbcustom_link\u00a0\u00bb title=\u00a0\u00bbD\u00e9tecteurs de microfuites (Sniffer)\u00a0\u00bb link=\u00a0\u00bb\/fr\/product-category\/inspection-des-produits\/detecteurs-de-microfuites-sniffer\/\u00a0\u00bb el_class=\u00a0\u00bbm-0&Prime;][\/vc_column_inner][vc_column_inner width=\u00a0\u00bb1\/5&Prime; offset=\u00a0\u00bbvc_col-xs-12&Prime;][vc_single_image image=\u00a0\u00bb1921&Prime; img_size=\u00a0\u00bb800&#215;800&Prime; onclick=\u00a0\u00bbcustom_link\u00a0\u00bb title=\u00a0\u00bbInspection par rayons X\u00a0\u00bb link=\u00a0\u00bb\/fr\/product-category\/inspection-des-produits\/inspection-par-rayons-x\/\u00a0\u00bb el_class=\u00a0\u00bbm-0&Prime;][\/vc_column_inner][vc_column_inner width=\u00a0\u00bb1\/5&Prime;][vc_single_image image=\u00a0\u00bb5519&Prime; img_size=\u00a0\u00bbfull\u00a0\u00bb onclick=\u00a0\u00bbcustom_link\u00a0\u00bb title=\u00a0\u00bbS\u00e9parateurs magn\u00e9tiques\u00a0\u00bb link=\u00a0\u00bb\/fr\/product\/separateurs-magnetiques-promag\/\u00a0\u00bb][\/vc_column_inner][\/vc_row_inner][\/vc_column][\/vc_row][vc_row full_width=\u00a0\u00bbstretch_row_content_no_spaces\u00a0\u00bb el_class=\u00a0\u00bbpt-2&Prime;][vc_column][vc_custom_heading text=\u00a0\u00bbContr\u00f4le des produits. Votre secteur, notre solution.\u00a0\u00bb font_container=\u00a0\u00bbtag:div|font_size:36px|text_align:center|line_height:40px\u00a0\u00bb use_theme_fonts=\u00a0\u00bbyes\u00a0\u00bb el_class=\u00a0\u00bbtext-primary mb-2 h1&Prime;][\/vc_column][\/vc_row][vc_row full_width=\u00a0\u00bbstretch_row_content\u00a0\u00bb equal_height=\u00a0\u00bbyes\u00a0\u00bb content_placement=\u00a0\u00bbmiddle\u00a0\u00bb el_class=\u00a0\u00bbbg-primary\u00a0\u00bb][vc_column el_class=\u00a0\u00bbtext-white py-2 px-2&Prime; offset=\u00a0\u00bbvc_col-lg-6&Prime;][vc_single_image image=\u00a0\u00bb1932&Prime; img_size=\u00a0\u00bbfull\u00a0\u00bb el_class=\u00a0\u00bbmb-2 w-75&Prime;][vc_column_text el_class=\u00a0\u00bblead mb-1&Prime;]<\/p>\n<p style=\"text-align: justify;\">Weighing &amp; Inspection, en tant qu\u2019entreprise flexible, nous vous garantissons une communication rapide, un excellent service apr\u00e8s-vente, un bon rapport qualit\u00e9-prix, un stock large, avec pr\u00e8s de 20 ans d&rsquo;exp\u00e9rience dans notre domaine. Testez-le vous-m\u00eame.<\/p>\n<p>[\/vc_column_text][vc_column_text el_class=\u00a0\u00bbm-0&Prime;]<\/p>\n<p style=\"text-align: justify;\"><strong>CASSEL Inspection<\/strong> est l\u2019entreprise num\u00e9ro un dans le secteur des machines de production dans la conception et la construction de syst\u00e8mes de d\u00e9tection de m\u00e9taux et d\u2019inspection aux rayons X pour des applications industrielles. CASSEL Inspection est sp\u00e9cialis\u00e9e dans la protection de machines de production de valeur contre les dommages caus\u00e9s par des pi\u00e8ces m\u00e9talliques non d\u00e9couvertes. CASSEL est le num\u00e9ro un mondial des solutions de contr\u00f4le de la qualit\u00e9 pour le secteur des biens de consommation.<\/p>\n<p style=\"text-align: justify;\"><strong>PRISMA INDUSTRIALE S.r.l.<\/strong> a \u00e9t\u00e9 fond\u00e9e en 1984 \u00e0 Fidenza (Parme), dans le c\u0153ur de la Vall\u00e9e culinaire italienne, r\u00e9put\u00e9e pour ses constructions m\u00e9caniques alimentaires de qualit\u00e9. PRISMA est aujourd&rsquo;hui le point de r\u00e9f\u00e9rence du march\u00e9 europ\u00e9en des trieuses pond\u00e9rales. PRISMA produit des trieuses pond\u00e9rales sp\u00e9cialis\u00e9es pour les secteurs des denr\u00e9es alimentaires et des boissons, les secteurs pharmaceutique et cosm\u00e9tique et les secteurs du plastique et de la chimie.<\/p>\n<p>[\/vc_column_text][\/vc_column][vc_column offset=\u00a0\u00bbvc_col-lg-6&Prime;][vc_row_inner][vc_column_inner el_class=\u00a0\u00bbm-0 p-0&Prime; css=\u00a0\u00bb.vc_custom_1628778729193{margin-top: 0px !important;margin-right: 0px !important;margin-bottom: 0px !important;margin-left: 0px !important;padding-top: 0px !important;padding-right: 0px !important;padding-bottom: 0px !important;padding-left: 0px !important;}\u00a0\u00bb][vc_basic_grid post_type=\u00a0\u00bbcustom\u00a0\u00bb gap=\u00a0\u00bb0&Prime; item=\u00a0\u00bb1956&Prime; grid_id=\u00a0\u00bbvc_gid:1664804923208-d92bb91c-a4cf-0&Prime; custom_query=\u00a0\u00bbpost_type=page&amp;orderby=menu_order&amp;order=ASC&amp;post_parent=2210&Prime; el_class=\u00a0\u00bbm-0&Prime;][\/vc_column_inner][\/vc_row_inner][\/vc_column][\/vc_row][vc_row full_width=\u00a0\u00bbstretch_row_content_no_spaces\u00a0\u00bb][vc_column][vc_custom_heading text=\u00a0\u00bbPrend contact. BE +32 50 71 09 20 &#8211; NL +31 85 044 1822&Prime; font_container=\u00a0\u00bbtag:div|font_size:32px|text_align:center|line_height:36px\u00a0\u00bb use_theme_fonts=\u00a0\u00bbyes\u00a0\u00bb el_class=\u00a0\u00bbbg-yellow text-primary font-weight-light py-4 m-0 px-2&Prime;][\/vc_column][\/vc_row]<\/p>\n","protected":false},"excerpt":{"rendered":"<p>[vc_row full_width=\u00a0\u00bbstretch_row_content_no_spaces\u00a0\u00bb el_class=\u00a0\u00bbpt-4&Prime;][vc_column][vc_row_inner el_class=\u00a0\u00bbpage-list\u00a0\u00bb][vc_column_inner width=\u00a0\u00bb1\/5&Prime; offset=\u00a0\u00bbvc_col-xs-12&Prime;][vc_single_image image=\u00a0\u00bb2012&Prime; img_size=\u00a0\u00bb800&#215;800&Prime; onclick=\u00a0\u00bbcustom_link\u00a0\u00bb title=\u00a0\u00bbTrieuses pond\u00e9rales\u00a0\u00bb link=\u00a0\u00bb\/fr\/product-category\/inspection-de-produits\/trieuses-ponderales\/\u00a0\u00bb el_class=\u00a0\u00bbm-0&Prime;][\/vc_column_inner][vc_column_inner width=\u00a0\u00bb1\/5&Prime; offset=\u00a0\u00bbvc_col-xs-12&Prime;][vc_single_image image=\u00a0\u00bb1915&Prime; img_size=\u00a0\u00bb800&#215;800&Prime; onclick=\u00a0\u00bbcustom_link\u00a0\u00bb title=\u00a0\u00bbD\u00e9tection de m\u00e9taux\u00a0\u00bb link=\u00a0\u00bb\/fr\/product-category\/inspection-des-produits\/detection-de-metaux\/\u00a0\u00bb el_class=\u00a0\u00bbm-0&Prime;][\/vc_column_inner][vc_column_inner width=\u00a0\u00bb1\/5&Prime; offset=\u00a0\u00bbvc_col-xs-12&Prime;][vc_single_image image=\u00a0\u00bb1918&Prime; img_size=\u00a0\u00bb800&#215;800&Prime; onclick=\u00a0\u00bbcustom_link\u00a0\u00bb title=\u00a0\u00bbD\u00e9tecteurs de microfuites (Sniffer)\u00a0\u00bb link=\u00a0\u00bb\/fr\/product-category\/inspection-des-produits\/detecteurs-de-microfuites-sniffer\/\u00a0\u00bb el_class=\u00a0\u00bbm-0&Prime;][\/vc_column_inner][vc_column_inner width=\u00a0\u00bb1\/5&Prime; offset=\u00a0\u00bbvc_col-xs-12&Prime;][vc_single_image image=\u00a0\u00bb1921&Prime; img_size=\u00a0\u00bb800&#215;800&Prime; onclick=\u00a0\u00bbcustom_link\u00a0\u00bb title=\u00a0\u00bbInspection par rayons X\u00a0\u00bb link=\u00a0\u00bb\/fr\/product-category\/inspection-des-produits\/inspection-par-rayons-x\/\u00a0\u00bb el_class=\u00a0\u00bbm-0&Prime;][\/vc_column_inner][vc_column_inner width=\u00a0\u00bb1\/5&Prime;][vc_single_image image=\u00a0\u00bb5519&Prime; img_size=\u00a0\u00bbfull\u00a0\u00bb onclick=\u00a0\u00bbcustom_link\u00a0\u00bb title=\u00a0\u00bbS\u00e9parateurs magn\u00e9tiques\u00a0\u00bb link=\u00a0\u00bb\/fr\/product\/separateurs-magnetiques-promag\/\u00a0\u00bb][\/vc_column_inner][\/vc_row_inner][\/vc_column][\/vc_row][vc_row full_width=\u00a0\u00bbstretch_row_content_no_spaces\u00a0\u00bb el_class=\u00a0\u00bbpt-2&Prime;][vc_column][vc_custom_heading text=\u00a0\u00bbContr\u00f4le [&hellip;]<\/p>\n","protected":false},"author":3,"featured_media":0,"parent":0,"menu_order":27,"comment_status":"closed","ping_status":"closed","template":"","meta":{"_acf_changed":false,"footnotes":""},"class_list":["post-2201","page","type-page","status-publish","hentry"],"acf":[],"yoast_head":"<!-- This site is optimized with the Yoast SEO plugin v26.4 - https:\/\/yoast.com\/wordpress\/plugins\/seo\/ -->\n<title>Inspection des produits | Weighing &amp; Inspection<\/title>\n<meta name=\"description\" content=\"Weighing &amp; Inspection. L&#039;avenir de la technologie d&#039;inspection des produits. D\u00e9tection de m\u00e9tal. Contr\u00f4le aux rayons X. Trieuses pond\u00e9rales.\" \/>\n<meta name=\"robots\" content=\"index, follow, max-snippet:-1, max-image-preview:large, max-video-preview:-1\" \/>\n<link rel=\"canonical\" href=\"https:\/\/www.weighingandinspection.eu\/fr\/inspection-de-produits\/\" \/>\n<meta property=\"og:locale\" content=\"fr_FR\" \/>\n<meta property=\"og:type\" content=\"article\" \/>\n<meta property=\"og:title\" content=\"Inspection des produits | Weighing &amp; Inspection\" \/>\n<meta property=\"og:description\" content=\"Weighing &amp; Inspection. L&#039;avenir de la technologie d&#039;inspection des produits. D\u00e9tection de m\u00e9tal. Contr\u00f4le aux rayons X. Trieuses pond\u00e9rales.\" \/>\n<meta property=\"og:url\" content=\"https:\/\/www.weighingandinspection.eu\/fr\/inspection-de-produits\/\" \/>\n<meta property=\"og:site_name\" content=\"Weighing &amp; Inspection\" \/>\n<meta property=\"article:modified_time\" content=\"2022-10-03T13:49:21+00:00\" \/>\n<meta property=\"og:image\" content=\"https:\/\/www.weighingandinspection.eu\/files\/uploads\/2018\/10\/slider.jpg\" \/>\n\t<meta property=\"og:image:width\" content=\"1920\" \/>\n\t<meta property=\"og:image:height\" content=\"858\" \/>\n\t<meta property=\"og:image:type\" content=\"image\/jpeg\" \/>\n<meta name=\"twitter:card\" content=\"summary_large_image\" \/>\n<script type=\"application\/ld+json\" class=\"yoast-schema-graph\">{\"@context\":\"https:\/\/schema.org\",\"@graph\":[{\"@type\":\"WebPage\",\"@id\":\"https:\/\/www.weighingandinspection.eu\/fr\/inspection-de-produits\/\",\"url\":\"https:\/\/www.weighingandinspection.eu\/fr\/inspection-de-produits\/\",\"name\":\"Inspection des produits | Weighing &amp; Inspection\",\"isPartOf\":{\"@id\":\"https:\/\/www.weighingandinspection.eu\/fr\/#website\"},\"datePublished\":\"2021-07-14T10:52:40+00:00\",\"dateModified\":\"2022-10-03T13:49:21+00:00\",\"description\":\"Weighing & Inspection. L'avenir de la technologie d'inspection des produits. D\u00e9tection de m\u00e9tal. Contr\u00f4le aux rayons X. Trieuses pond\u00e9rales.\",\"breadcrumb\":{\"@id\":\"https:\/\/www.weighingandinspection.eu\/fr\/inspection-de-produits\/#breadcrumb\"},\"inLanguage\":\"fr-FR\",\"potentialAction\":[{\"@type\":\"ReadAction\",\"target\":[\"https:\/\/www.weighingandinspection.eu\/fr\/inspection-de-produits\/\"]}]},{\"@type\":\"BreadcrumbList\",\"@id\":\"https:\/\/www.weighingandinspection.eu\/fr\/inspection-de-produits\/#breadcrumb\",\"itemListElement\":[{\"@type\":\"ListItem\",\"position\":1,\"name\":\"Home\",\"item\":\"https:\/\/www.weighingandinspection.eu\/fr\/\"},{\"@type\":\"ListItem\",\"position\":2,\"name\":\"Inspection des produits\"}]},{\"@type\":\"WebSite\",\"@id\":\"https:\/\/www.weighingandinspection.eu\/fr\/#website\",\"url\":\"https:\/\/www.weighingandinspection.eu\/fr\/\",\"name\":\"Weighing &amp; Inspection\",\"description\":\"\",\"publisher\":{\"@id\":\"https:\/\/www.weighingandinspection.eu\/fr\/#organization\"},\"potentialAction\":[{\"@type\":\"SearchAction\",\"target\":{\"@type\":\"EntryPoint\",\"urlTemplate\":\"https:\/\/www.weighingandinspection.eu\/fr\/?s={search_term_string}\"},\"query-input\":{\"@type\":\"PropertyValueSpecification\",\"valueRequired\":true,\"valueName\":\"search_term_string\"}}],\"inLanguage\":\"fr-FR\"},{\"@type\":\"Organization\",\"@id\":\"https:\/\/www.weighingandinspection.eu\/fr\/#organization\",\"name\":\"Weighing & Inspection\",\"url\":\"https:\/\/www.weighingandinspection.eu\/fr\/\",\"logo\":{\"@type\":\"ImageObject\",\"inLanguage\":\"fr-FR\",\"@id\":\"https:\/\/www.weighingandinspection.eu\/fr\/#\/schema\/logo\/image\/\",\"url\":\"https:\/\/www.weighingandinspection.eu\/files\/uploads\/2018\/10\/logo-weighing-inspection.png\",\"contentUrl\":\"https:\/\/www.weighingandinspection.eu\/files\/uploads\/2018\/10\/logo-weighing-inspection.png\",\"width\":900,\"height\":250,\"caption\":\"Weighing & Inspection\"},\"image\":{\"@id\":\"https:\/\/www.weighingandinspection.eu\/fr\/#\/schema\/logo\/image\/\"}}]}<\/script>\n<!-- \/ Yoast SEO plugin. -->","yoast_head_json":{"title":"Inspection des produits | Weighing &amp; Inspection","description":"Weighing & Inspection. L'avenir de la technologie d'inspection des produits. D\u00e9tection de m\u00e9tal. Contr\u00f4le aux rayons X. Trieuses pond\u00e9rales.","robots":{"index":"index","follow":"follow","max-snippet":"max-snippet:-1","max-image-preview":"max-image-preview:large","max-video-preview":"max-video-preview:-1"},"canonical":"https:\/\/www.weighingandinspection.eu\/fr\/inspection-de-produits\/","og_locale":"fr_FR","og_type":"article","og_title":"Inspection des produits | Weighing &amp; Inspection","og_description":"Weighing & Inspection. L'avenir de la technologie d'inspection des produits. D\u00e9tection de m\u00e9tal. Contr\u00f4le aux rayons X. Trieuses pond\u00e9rales.","og_url":"https:\/\/www.weighingandinspection.eu\/fr\/inspection-de-produits\/","og_site_name":"Weighing &amp; Inspection","article_modified_time":"2022-10-03T13:49:21+00:00","og_image":[{"width":1920,"height":858,"url":"https:\/\/www.weighingandinspection.eu\/files\/uploads\/2018\/10\/slider.jpg","type":"image\/jpeg"}],"twitter_card":"summary_large_image","schema":{"@context":"https:\/\/schema.org","@graph":[{"@type":"WebPage","@id":"https:\/\/www.weighingandinspection.eu\/fr\/inspection-de-produits\/","url":"https:\/\/www.weighingandinspection.eu\/fr\/inspection-de-produits\/","name":"Inspection des produits | Weighing &amp; Inspection","isPartOf":{"@id":"https:\/\/www.weighingandinspection.eu\/fr\/#website"},"datePublished":"2021-07-14T10:52:40+00:00","dateModified":"2022-10-03T13:49:21+00:00","description":"Weighing & Inspection. L'avenir de la technologie d'inspection des produits. D\u00e9tection de m\u00e9tal. Contr\u00f4le aux rayons X. Trieuses pond\u00e9rales.","breadcrumb":{"@id":"https:\/\/www.weighingandinspection.eu\/fr\/inspection-de-produits\/#breadcrumb"},"inLanguage":"fr-FR","potentialAction":[{"@type":"ReadAction","target":["https:\/\/www.weighingandinspection.eu\/fr\/inspection-de-produits\/"]}]},{"@type":"BreadcrumbList","@id":"https:\/\/www.weighingandinspection.eu\/fr\/inspection-de-produits\/#breadcrumb","itemListElement":[{"@type":"ListItem","position":1,"name":"Home","item":"https:\/\/www.weighingandinspection.eu\/fr\/"},{"@type":"ListItem","position":2,"name":"Inspection des produits"}]},{"@type":"WebSite","@id":"https:\/\/www.weighingandinspection.eu\/fr\/#website","url":"https:\/\/www.weighingandinspection.eu\/fr\/","name":"Weighing &amp; Inspection","description":"","publisher":{"@id":"https:\/\/www.weighingandinspection.eu\/fr\/#organization"},"potentialAction":[{"@type":"SearchAction","target":{"@type":"EntryPoint","urlTemplate":"https:\/\/www.weighingandinspection.eu\/fr\/?s={search_term_string}"},"query-input":{"@type":"PropertyValueSpecification","valueRequired":true,"valueName":"search_term_string"}}],"inLanguage":"fr-FR"},{"@type":"Organization","@id":"https:\/\/www.weighingandinspection.eu\/fr\/#organization","name":"Weighing & Inspection","url":"https:\/\/www.weighingandinspection.eu\/fr\/","logo":{"@type":"ImageObject","inLanguage":"fr-FR","@id":"https:\/\/www.weighingandinspection.eu\/fr\/#\/schema\/logo\/image\/","url":"https:\/\/www.weighingandinspection.eu\/files\/uploads\/2018\/10\/logo-weighing-inspection.png","contentUrl":"https:\/\/www.weighingandinspection.eu\/files\/uploads\/2018\/10\/logo-weighing-inspection.png","width":900,"height":250,"caption":"Weighing & Inspection"},"image":{"@id":"https:\/\/www.weighingandinspection.eu\/fr\/#\/schema\/logo\/image\/"}}]}},"_links":{"self":[{"href":"https:\/\/www.weighingandinspection.eu\/fr\/wp-json\/wp\/v2\/pages\/2201","targetHints":{"allow":["GET"]}}],"collection":[{"href":"https:\/\/www.weighingandinspection.eu\/fr\/wp-json\/wp\/v2\/pages"}],"about":[{"href":"https:\/\/www.weighingandinspection.eu\/fr\/wp-json\/wp\/v2\/types\/page"}],"author":[{"embeddable":true,"href":"https:\/\/www.weighingandinspection.eu\/fr\/wp-json\/wp\/v2\/users\/3"}],"replies":[{"embeddable":true,"href":"https:\/\/www.weighingandinspection.eu\/fr\/wp-json\/wp\/v2\/comments?post=2201"}],"version-history":[{"count":12,"href":"https:\/\/www.weighingandinspection.eu\/fr\/wp-json\/wp\/v2\/pages\/2201\/revisions"}],"predecessor-version":[{"id":6723,"href":"https:\/\/www.weighingandinspection.eu\/fr\/wp-json\/wp\/v2\/pages\/2201\/revisions\/6723"}],"wp:attachment":[{"href":"https:\/\/www.weighingandinspection.eu\/fr\/wp-json\/wp\/v2\/media?parent=2201"}],"curies":[{"name":"wp","href":"https:\/\/api.w.org\/{rel}","templated":true}]}}